{"id":226928,"date":"2024-09-26T12:19:37","date_gmt":"2024-09-26T10:19:37","guid":{"rendered":"https:\/\/viallidesign.com\/?post_type=product&#038;p=226928"},"modified":"2026-03-31T09:57:17","modified_gmt":"2026-03-31T07:57:17","slug":"zaparzacz-do-kawy-i-herbaty-1000-ml-diamante-zloty-0695","status":"publish","type":"product","link":"https:\/\/viallidesign.com\/en\/product\/zaparzacz-do-kawy-i-herbaty-1000-ml-diamante-zloty-0695\/","title":{"rendered":"Coffee and tea brewer 1000 ml Diamante gold 0695"},"content":{"rendered":"<p><strong>Diamante<\/strong> from <strong>Vialli Design<\/strong> - a coffee and tea brewer that not only provides the perfect taste of beverages, but also catches the eye with its elegant and modern design. Created for those who appreciate both high quality and aesthetics in their daily coffee or tea brewing ritual.<\/p>\n<p><strong>Diamante<\/strong> is a brewer with <strong>1000 ml capacity<\/strong>which impresses with its unique design. Its <strong>modern<\/strong>, <strong>minimalist <\/strong>form in combination with <strong>elegant handle<\/strong> creates a product that fits perfectly into sophisticated interiors. It is the ideal choice for those who want every detail of their surroundings to exude style.<\/p>\n<p>The item is made of the highest quality <strong>borosilicate glass<\/strong>which is characterised by its ability to withstand sudden changes in temperature. This ensures that whether you are preparing hot tea or aromatic coffee, the glassware remains durable and safe. The stylish holding handle has been designed to <strong>about comfort<\/strong>but also about <strong>elegance<\/strong> - It makes every sip a real pleasure.<\/p>\n<p>The brewer is finished to half of its height. <strong>in an elegant <\/strong>way in one of three stylish colours to choose from: gold, silver or graphite. This allows everyone to match the item to their interior and taste. The top is made of transparent glass, which allows the brewing process to be observed in real time.<\/p>\n<p><strong>Diamante <\/strong>is equipped with a stainless steel piston brewer and a strainer that separates the grounds from the brew, guaranteeing a<strong> clear <\/strong>i <strong>flavourful<\/strong> the drink. The brewing process is extremely <strong>easy<\/strong>The spout is shaped to allow convenient pouring without spilling.<\/p>\n<p>Simply pour your favourite blend into the chamber, pour in boiling water and wait for the drink to reach the desired brewing level. When the plunger is pressed, the strainer will separate the grounds\/dryness from the rest, giving you the opportunity to pour a clear drink.<\/p>\n<p>Whether you brew your morning coffee, afternoon tea or evening herbal infusion - the <strong>Diamante<\/strong> is perfectly at home in any situation. Its elegant design makes a drink served in Diamante even more meaningful - both for you and your guests.<\/p>\n<ul>\n<li><strong>Convenient way<\/strong> brewing of beverages<\/li>\n<li><strong>Made of durable glass<\/strong> borosilicon<\/li>\n<li><strong>Unique <\/strong>design<\/li>\n<li><strong>Capacity<\/strong> 1000 ml<\/li>\n<li><strong>Ergonomic<\/strong> spout for safe pouring<\/li>\n<li><strong>Colours available:<\/strong> gold, silver and graphite<\/li>\n<\/ul>\n<p class=\"gpsr-info\"><a href=\"https:\/\/kulig.com.pl\/gpsr\/\" target=\"_blank\" rel=\"noopener\">GPSR information<\/a><\/p>","protected":false},"excerpt":{"rendered":"<p>Diamante from Vialli Design - a coffee and tea brewer that not only ensures the perfect taste of beverages, but also catches the eye with its elegant and modern design. Created for those who appreciate both high quality and aesthetics in the daily ritual of brewing coffee or tea. Diamante is a 1000 ml brewer that impresses with its [...]<\/p>","protected":false},"featured_media":226915,"template":"","meta":{"_uag_custom_page_level_css":"","site-sidebar-layout":"default","site-content-layout":"","ast-site-content-layout":"default","site-content-style":"default","site-sidebar-style":"default","ast-global-header-display":"","ast-banner-title-visibility":"","ast-main-header-display":"","ast-hfb-above-header-display":"","ast-hfb-below-header-display":"","ast-hfb-mobile-header-display":"","site-post-title":"","ast-breadcrumbs-content":"","ast-featured-img":"","footer-sml-layout":"","ast-disable-related-posts":"","theme-transparent-header-meta":"","adv-header-id-meta":"","stick-header-meta":"","header-above-stick-meta":"","header-main-stick-meta":"","header-below-stick-meta":"","astra-migrate-meta-layouts":"default","ast-page-background-enabled":"default","ast-page-background-meta":{"desktop":{"background-color":"","background-image":"","background-repeat":"repeat","background-position":"center center","background-size":"auto","background-attachment":"scroll","background-type":"","background-media":"","overlay-type":"","overlay-color":"","overlay-opacity":"","overlay-gradient":""},"tablet":{"background-color":"","background-image":"","background-repeat":"repeat","background-position":"center center","background-size":"auto","background-attachment":"scroll","background-type":"","background-media":"","overlay-type":"","overlay-color":"","overlay-opacity":"","overlay-gradient":""},"mobile":{"background-color":"","background-image":"","background-repeat":"repeat","background-position":"center center","background-size":"auto","background-attachment":"scroll","background-type":"","background-media":"","overlay-type":"","overlay-color":"","overlay-opacity":"","overlay-gradient":""}},"ast-content-background-meta":{"desktop":{"background-color":"var(--ast-global-color-5)","background-image":"","background-repeat":"repeat","background-position":"center center","background-size":"auto","background-attachment":"scroll","background-type":"","background-media":"","overlay-type":"","overlay-color":"","overlay-opacity":"","overlay-gradient":""},"tablet":{"background-color":"var(--ast-global-color-5)","background-image":"","background-repeat":"repeat","background-position":"center center","background-size":"auto","background-attachment":"scroll","background-type":"","background-media":"","overlay-type":"","overlay-color":"","overlay-opacity":"","overlay-gradient":""},"mobile":{"background-color":"var(--ast-global-color-5)","background-image":"","background-repeat":"repeat","background-position":"center center","background-size":"auto","background-attachment":"scroll","background-type":"","background-media":"","overlay-type":"","overlay-color":"","overlay-opacity":"","overlay-gradient":""}}},"product_brand":[],"product_cat":[432,17,438],"product_tag":[],"class_list":{"0":"post-226928","1":"product","2":"type-product","3":"status-publish","4":"has-post-thumbnail","6":"product_cat-jadalnia","7":"product_cat-produkty","8":"product_cat-zaparzacze","9":"desktop-align-left","10":"tablet-align-left","11":"mobile-align-left","13":"first","14":"instock","15":"sale","16":"shipping-taxable","17":"purchasable","18":"product-type-simple"},"uagb_featured_image_src":{"full":["https:\/\/viallidesign.com\/wp-content\/uploads\/2024\/09\/2509202466f408282fecf.jpeg",1200,1200,false],"thumbnail":["https:\/\/viallidesign.com\/wp-content\/uploads\/2024\/09\/2509202466f408282fecf-80x80.jpeg",80,80,true],"medium":["https:\/\/viallidesign.com\/wp-content\/uploads\/2024\/09\/2509202466f408282fecf-300x300.jpeg",300,300,true],"medium_large":["https:\/\/viallidesign.com\/wp-content\/uploads\/2024\/09\/2509202466f408282fecf-768x768.jpeg",768,768,true],"large":["https:\/\/viallidesign.com\/wp-content\/uploads\/2024\/09\/2509202466f408282fecf-1024x1024.jpeg",1024,1024,true],"1536x1536":["https:\/\/viallidesign.com\/wp-content\/uploads\/2024\/09\/2509202466f408282fecf.jpeg",1200,1200,false],"2048x2048":["https:\/\/viallidesign.com\/wp-content\/uploads\/2024\/09\/2509202466f408282fecf.jpeg",1200,1200,false],"trp-custom-language-flag":["https:\/\/viallidesign.com\/wp-content\/uploads\/2024\/09\/2509202466f408282fecf-12x12.jpeg",12,12,true],"woocommerce_thumbnail":["https:\/\/viallidesign.com\/wp-content\/uploads\/2024\/09\/2509202466f408282fecf-600x600.jpeg",600,600,true],"woocommerce_single":["https:\/\/viallidesign.com\/wp-content\/uploads\/2024\/09\/2509202466f408282fecf.jpeg",1200,1200,false],"woocommerce_gallery_thumbnail":["https:\/\/viallidesign.com\/wp-content\/uploads\/2024\/09\/2509202466f408282fecf-100x100.jpeg",100,100,true],"dgwt-wcas-product-suggestion":["https:\/\/viallidesign.com\/wp-content\/uploads\/2024\/09\/2509202466f408282fecf-64x64.jpeg",64,64,true]},"uagb_author_info":{"display_name":"viallidesign","author_link":"https:\/\/viallidesign.com\/en\/author\/"},"uagb_comment_info":0,"uagb_excerpt":"Diamante od Vialli Design \u2013 zaparzacz do kawy i herbaty, kt\u00f3ry nie tylko zapewnia idealny smak napoj\u00f3w, ale r\u00f3wnie\u017c przyci\u0105ga wzrok swoim eleganckim i nowoczesnym designem. Stworzony dla tych, kt\u00f3rzy ceni\u0105 sobie zar\u00f3wno wysok\u0105 jako\u015b\u0107, jak i estetyk\u0119 w codziennym rytuale parzenia kawy czy herbaty. Diamante to zaparzacz o pojemno\u015bci 1000 ml, kt\u00f3ry zachwyca swoim&hellip;","_links":{"self":[{"href":"https:\/\/viallidesign.com\/en\/wp-json\/wp\/v2\/product\/226928","targetHints":{"allow":["GET"]}}],"collection":[{"href":"https:\/\/viallidesign.com\/en\/wp-json\/wp\/v2\/product"}],"about":[{"href":"https:\/\/viallidesign.com\/en\/wp-json\/wp\/v2\/types\/product"}],"wp:featuredmedia":[{"embeddable":true,"href":"https:\/\/viallidesign.com\/en\/wp-json\/wp\/v2\/media\/226915"}],"wp:attachment":[{"href":"https:\/\/viallidesign.com\/en\/wp-json\/wp\/v2\/media?parent=226928"}],"wp:term":[{"taxonomy":"product_brand","embeddable":true,"href":"https:\/\/viallidesign.com\/en\/wp-json\/wp\/v2\/product_brand?post=226928"},{"taxonomy":"product_cat","embeddable":true,"href":"https:\/\/viallidesign.com\/en\/wp-json\/wp\/v2\/product_cat?post=226928"},{"taxonomy":"product_tag","embeddable":true,"href":"https:\/\/viallidesign.com\/en\/wp-json\/wp\/v2\/product_tag?post=226928"}],"curies":[{"name":"wp","href":"https:\/\/api.w.org\/{rel}","templated":true}]}}