{"id":226653,"date":"2024-08-12T11:10:58","date_gmt":"2024-08-12T09:10:58","guid":{"rendered":"https:\/\/viallidesign.com\/?post_type=product&#038;p=226653"},"modified":"2026-03-27T02:54:05","modified_gmt":"2026-03-27T01:54:05","slug":"szklana-butelka-na-wode-fuori-540-ml-granatowa-30244","status":"publish","type":"product","link":"https:\/\/viallidesign.com\/en\/product\/szklana-butelka-na-wode-fuori-540-ml-granatowa-30244\/","title":{"rendered":"Fuori glass water bottle 540 ml navy blue 30244"},"content":{"rendered":"<p><strong>Modern glass bottle<\/strong> Fuori water bottle from the Fuori series by Vialli Design is an excellent product for those who love <strong>spend time actively<\/strong>. With this bottle, you can enjoy a fresh drink whenever you need it. Refilling is <strong>vitally important<\/strong>so that you never experience feelings of dehydration, and <strong>Fuori bottle<\/strong> ensures that you will always have a drink to hand, no matter where you are.<\/p>\n<p><strong>Capacity 540 ml<\/strong> is the right size to ensure <strong>proper hydration<\/strong> while training, walking or hiking, without taking up too much space. Its <strong>slimline shape<\/strong> is a combination of <strong>elegance<\/strong> i <strong>sporty style<\/strong>which makes the bottle look <strong>stylish<\/strong> in any situation.<\/p>\n<p><strong>Comfortable handle<\/strong> connected to the cap allows <strong>easy clip-on<\/strong> bottles into the backpack, making it easy to carry the item. <strong>Easy unscrewing<\/strong> provides comfort, so you can quench your thirst quickly at any time.<\/p>\n<p><strong>Product features<\/strong>:<\/p>\n<ul>\n<li><strong>Capacity 540 ml<\/strong> ensuring long-term hydration<\/li>\n<li><strong>Dishwasher safe<\/strong> for easy cleaning<\/li>\n<li><strong>Sporty look<\/strong> combining elegance with functionality<\/li>\n<li><strong>Comfortable handle<\/strong> for easy transport and use<\/li>\n<\/ul>\n<p>By using reusable glass bottles, you are contributing to the <strong>reducing plastic consumption<\/strong>, thereby supporting environmental protection. Be <strong>an informed consumer<\/strong> and choose the Fuori bottle, which combines practicality with care for nature.<\/p>\n<p class=\"gpsr-info\"><a href=\"https:\/\/kulig.com.pl\/gpsr\/\" target=\"_blank\" rel=\"noopener\">GPSR information<\/a><\/p>","protected":false},"excerpt":{"rendered":"<p>The modern glass water bottle from the Fuori series by Vialli Design is a perfect product for those who love to be active. Thanks to this bottle, you can enjoy a fresh drink whenever you need it. Replenishing fluids is extremely important to never experience the feeling of dehydration, and the Fuori bottle ensures that you will always have a drink at hand, [...]<\/p>","protected":false},"featured_media":226700,"template":"","meta":{"_uag_custom_page_level_css":"","site-sidebar-layout":"default","site-content-layout":"","ast-site-content-layout":"default","site-content-style":"default","site-sidebar-style":"default","ast-global-header-display":"","ast-banner-title-visibility":"","ast-main-header-display":"","ast-hfb-above-header-display":"","ast-hfb-below-header-display":"","ast-hfb-mobile-header-display":"","site-post-title":"","ast-breadcrumbs-content":"","ast-featured-img":"","footer-sml-layout":"","ast-disable-related-posts":"","theme-transparent-header-meta":"","adv-header-id-meta":"","stick-header-meta":"","header-above-stick-meta":"","header-main-stick-meta":"","header-below-stick-meta":"","astra-migrate-meta-layouts":"default","ast-page-background-enabled":"default","ast-page-background-meta":{"desktop":{"background-color":"","background-image":"","background-repeat":"repeat","background-position":"center center","background-size":"auto","background-attachment":"scroll","background-type":"","background-media":"","overlay-type":"","overlay-color":"","overlay-opacity":"","overlay-gradient":""},"tablet":{"background-color":"","background-image":"","background-repeat":"repeat","background-position":"center center","background-size":"auto","background-attachment":"scroll","background-type":"","background-media":"","overlay-type":"","overlay-color":"","overlay-opacity":"","overlay-gradient":""},"mobile":{"background-color":"","background-image":"","background-repeat":"repeat","background-position":"center center","background-size":"auto","background-attachment":"scroll","background-type":"","background-media":"","overlay-type":"","overlay-color":"","overlay-opacity":"","overlay-gradient":""}},"ast-content-background-meta":{"desktop":{"background-color":"var(--ast-global-color-5)","background-image":"","background-repeat":"repeat","background-position":"center center","background-size":"auto","background-attachment":"scroll","background-type":"","background-media":"","overlay-type":"","overlay-color":"","overlay-opacity":"","overlay-gradient":""},"tablet":{"background-color":"var(--ast-global-color-5)","background-image":"","background-repeat":"repeat","background-position":"center center","background-size":"auto","background-attachment":"scroll","background-type":"","background-media":"","overlay-type":"","overlay-color":"","overlay-opacity":"","overlay-gradient":""},"mobile":{"background-color":"var(--ast-global-color-5)","background-image":"","background-repeat":"repeat","background-position":"center center","background-size":"auto","background-attachment":"scroll","background-type":"","background-media":"","overlay-type":"","overlay-color":"","overlay-opacity":"","overlay-gradient":""}}},"product_brand":[],"product_cat":[447,435,17],"product_tag":[],"class_list":{"0":"post-226653","1":"product","2":"type-product","3":"status-publish","4":"has-post-thumbnail","6":"product_cat-kubki-butelki-i-sloiki","7":"product_cat-outdoor","8":"product_cat-produkty","9":"desktop-align-left","10":"tablet-align-left","11":"mobile-align-left","13":"first","14":"instock","15":"shipping-taxable","16":"purchasable","17":"product-type-simple"},"uagb_featured_image_src":{"full":["https:\/\/viallidesign.com\/wp-content\/uploads\/2024\/08\/1908202466c31b2b40c73.jpeg",1200,1200,false],"thumbnail":["https:\/\/viallidesign.com\/wp-content\/uploads\/2024\/08\/1908202466c31b2b40c73-80x80.jpeg",80,80,true],"medium":["https:\/\/viallidesign.com\/wp-content\/uploads\/2024\/08\/1908202466c31b2b40c73-300x300.jpeg",300,300,true],"medium_large":["https:\/\/viallidesign.com\/wp-content\/uploads\/2024\/08\/1908202466c31b2b40c73-768x768.jpeg",768,768,true],"large":["https:\/\/viallidesign.com\/wp-content\/uploads\/2024\/08\/1908202466c31b2b40c73-1024x1024.jpeg",1024,1024,true],"1536x1536":["https:\/\/viallidesign.com\/wp-content\/uploads\/2024\/08\/1908202466c31b2b40c73.jpeg",1200,1200,false],"2048x2048":["https:\/\/viallidesign.com\/wp-content\/uploads\/2024\/08\/1908202466c31b2b40c73.jpeg",1200,1200,false],"trp-custom-language-flag":["https:\/\/viallidesign.com\/wp-content\/uploads\/2024\/08\/1908202466c31b2b40c73-12x12.jpeg",12,12,true],"woocommerce_thumbnail":["https:\/\/viallidesign.com\/wp-content\/uploads\/2024\/08\/1908202466c31b2b40c73-600x600.jpeg",600,600,true],"woocommerce_single":["https:\/\/viallidesign.com\/wp-content\/uploads\/2024\/08\/1908202466c31b2b40c73.jpeg",1200,1200,false],"woocommerce_gallery_thumbnail":["https:\/\/viallidesign.com\/wp-content\/uploads\/2024\/08\/1908202466c31b2b40c73-100x100.jpeg",100,100,true],"dgwt-wcas-product-suggestion":["https:\/\/viallidesign.com\/wp-content\/uploads\/2024\/08\/1908202466c31b2b40c73-64x64.jpeg",64,64,true]},"uagb_author_info":{"display_name":"viallidesign","author_link":"https:\/\/viallidesign.com\/en\/author\/"},"uagb_comment_info":0,"uagb_excerpt":"Nowoczesna, szklana butelka na wod\u0119 z serii Fuori marki Vialli Design to doskona\u0142y produkt dla os\u00f3b kochaj\u0105cych aktywnie sp\u0119dza\u0107 czas. Dzi\u0119ki tej butelce mo\u017cesz cieszy\u0107 si\u0119 \u015bwie\u017co\u015bci\u0105 napoju zawsze, gdy tego potrzebujesz. Uzupe\u0142nianie p\u0142yn\u00f3w jest niezwykle wa\u017cne, aby nigdy nie do\u015bwiadczy\u0107 uczucia odwodnienia organizmu, a butelka Fuori zapewnia, \u017ce zawsze b\u0119dziesz mie\u0107 nap\u00f3j pod r\u0119k\u0105,&hellip;","_links":{"self":[{"href":"https:\/\/viallidesign.com\/en\/wp-json\/wp\/v2\/product\/226653","targetHints":{"allow":["GET"]}}],"collection":[{"href":"https:\/\/viallidesign.com\/en\/wp-json\/wp\/v2\/product"}],"about":[{"href":"https:\/\/viallidesign.com\/en\/wp-json\/wp\/v2\/types\/product"}],"wp:featuredmedia":[{"embeddable":true,"href":"https:\/\/viallidesign.com\/en\/wp-json\/wp\/v2\/media\/226700"}],"wp:attachment":[{"href":"https:\/\/viallidesign.com\/en\/wp-json\/wp\/v2\/media?parent=226653"}],"wp:term":[{"taxonomy":"product_brand","embeddable":true,"href":"https:\/\/viallidesign.com\/en\/wp-json\/wp\/v2\/product_brand?post=226653"},{"taxonomy":"product_cat","embeddable":true,"href":"https:\/\/viallidesign.com\/en\/wp-json\/wp\/v2\/product_cat?post=226653"},{"taxonomy":"product_tag","embeddable":true,"href":"https:\/\/viallidesign.com\/en\/wp-json\/wp\/v2\/product_tag?post=226653"}],"curies":[{"name":"wp","href":"https:\/\/api.w.org\/{rel}","templated":true}]}}