{"id":226515,"date":"2024-08-12T11:03:40","date_gmt":"2024-08-12T09:03:40","guid":{"rendered":"https:\/\/viallidesign.com\/?post_type=product&#038;p=226515"},"modified":"2026-04-02T14:48:27","modified_gmt":"2026-04-02T12:48:27","slug":"termos-z-pojemnikiem-i-lyzka-fuori-680-ml-zielony-30336","status":"publish","type":"product","link":"https:\/\/viallidesign.com\/en\/product\/termos-z-pojemnikiem-i-lyzka-fuori-680-ml-zielony-30336\/","title":{"rendered":"Thermos with container and spoon Fuori 680 ml green 30336"},"content":{"rendered":"<p><strong>Extremely practical<\/strong> and <strong>functional thermos<\/strong> from the Fuori series by Vialli Design with a capacity of 680 ml. The thermos has <strong>additional container<\/strong> for small accessories and <strong>folding spoon<\/strong>. Thanks to <strong>vacuum insulation<\/strong> made of stainless steel perfectly maintains the temperature for many hours. <strong>Outer wall of the thermos<\/strong> keeps <strong>safe temperature<\/strong>despite the hot contents. The risk of burning your hands when holding the thermos in your hands is zero.<\/p>\n<p>The product will serve its purpose as a vessel for hot meals - perfect for soups or custards. In addition, a great advantage of the thermos is <strong>container<\/strong>which is ideally suited to <strong>separation of additives<\/strong> for dishes such as toast. Above the container is a cutlery tray on which there is a <strong>folding spoon<\/strong>. This solution ensures that you always have everything you need for a meal outdoors or at work to hand.<\/p>\n<p>The Fuori thermos has <strong>comfortable handle<\/strong>which makes it easy to carry and transport. It is <strong>a very practical subject<\/strong>with a unique design that makes life easier. If you like to eat <strong>warm and nutritious meals<\/strong>, not necessarily being at home, then our thermos will be <strong>the optimal solution<\/strong> for you.<\/p>\n<p><strong>Product features<\/strong>:<\/p>\n<ul>\n<li><strong>Capacity 680 ml<\/strong><\/li>\n<li><strong>Additional container<\/strong><\/li>\n<li><strong>Folding spoon <\/strong>included<\/li>\n<li><strong>Good thermal properties<\/strong><\/li>\n<\/ul>\n<p>Thermos<strong> Fuori<\/strong> it's <strong>ideal solution<\/strong> for those who appreciate <strong>convenience<\/strong> i <strong>practicality<\/strong>. It allows you to enjoy <strong>hot meals<\/strong> anywhere, anytime, without the need for an oven or microwave. Be <strong>organised<\/strong> i <strong>prepared<\/strong> for every situation with a thermos <strong>Fuori.<\/strong><\/p>\n<p class=\"gpsr-info\"><a href=\"https:\/\/kulig.com.pl\/gpsr\/\" target=\"_blank\" rel=\"noopener\">GPSR information<\/a><\/p>","protected":false},"excerpt":{"rendered":"<p>An extremely practical and functional thermos from the Fuori series by Vialli Design with a capacity of 680 ml. The thermos has an additional container for small accessories and a folding spoon. Thanks to the vacuum insulation made of stainless steel, it perfectly maintains the temperature for many hours. The outer wall of the thermos maintains a safe temperature despite the hot contents of the vessel. The risk of burning your hands when holding the thermos in [...].<\/p>","protected":false},"featured_media":226503,"template":"","meta":{"_uag_custom_page_level_css":"","site-sidebar-layout":"default","site-content-layout":"","ast-site-content-layout":"default","site-content-style":"default","site-sidebar-style":"default","ast-global-header-display":"","ast-banner-title-visibility":"","ast-main-header-display":"","ast-hfb-above-header-display":"","ast-hfb-below-header-display":"","ast-hfb-mobile-header-display":"","site-post-title":"","ast-breadcrumbs-content":"","ast-featured-img":"","footer-sml-layout":"","ast-disable-related-posts":"","theme-transparent-header-meta":"","adv-header-id-meta":"","stick-header-meta":"","header-above-stick-meta":"","header-main-stick-meta":"","header-below-stick-meta":"","astra-migrate-meta-layouts":"default","ast-page-background-enabled":"default","ast-page-background-meta":{"desktop":{"background-color":"","background-image":"","background-repeat":"repeat","background-position":"center center","background-size":"auto","background-attachment":"scroll","background-type":"","background-media":"","overlay-type":"","overlay-color":"","overlay-opacity":"","overlay-gradient":""},"tablet":{"background-color":"","background-image":"","background-repeat":"repeat","background-position":"center center","background-size":"auto","background-attachment":"scroll","background-type":"","background-media":"","overlay-type":"","overlay-color":"","overlay-opacity":"","overlay-gradient":""},"mobile":{"background-color":"","background-image":"","background-repeat":"repeat","background-position":"center center","background-size":"auto","background-attachment":"scroll","background-type":"","background-media":"","overlay-type":"","overlay-color":"","overlay-opacity":"","overlay-gradient":""}},"ast-content-background-meta":{"desktop":{"background-color":"var(--ast-global-color-5)","background-image":"","background-repeat":"repeat","background-position":"center center","background-size":"auto","background-attachment":"scroll","background-type":"","background-media":"","overlay-type":"","overlay-color":"","overlay-opacity":"","overlay-gradient":""},"tablet":{"background-color":"var(--ast-global-color-5)","background-image":"","background-repeat":"repeat","background-position":"center center","background-size":"auto","background-attachment":"scroll","background-type":"","background-media":"","overlay-type":"","overlay-color":"","overlay-opacity":"","overlay-gradient":""},"mobile":{"background-color":"var(--ast-global-color-5)","background-image":"","background-repeat":"repeat","background-position":"center center","background-size":"auto","background-attachment":"scroll","background-type":"","background-media":"","overlay-type":"","overlay-color":"","overlay-opacity":"","overlay-gradient":""}}},"product_brand":[],"product_cat":[435,17,446],"product_tag":[],"class_list":{"0":"post-226515","1":"product","2":"type-product","3":"status-publish","4":"has-post-thumbnail","6":"product_cat-outdoor","7":"product_cat-produkty","8":"product_cat-termosy-obiadowe-i-turystyczne","9":"desktop-align-left","10":"tablet-align-left","11":"mobile-align-left","13":"first","14":"instock","15":"shipping-taxable","16":"purchasable","17":"product-type-simple"},"uagb_featured_image_src":{"full":["https:\/\/viallidesign.com\/wp-content\/uploads\/2024\/08\/1208202466b9cefb89595.jpeg",1200,1200,false],"thumbnail":["https:\/\/viallidesign.com\/wp-content\/uploads\/2024\/08\/1208202466b9cefb89595-80x80.jpeg",80,80,true],"medium":["https:\/\/viallidesign.com\/wp-content\/uploads\/2024\/08\/1208202466b9cefb89595-300x300.jpeg",300,300,true],"medium_large":["https:\/\/viallidesign.com\/wp-content\/uploads\/2024\/08\/1208202466b9cefb89595-768x768.jpeg",768,768,true],"large":["https:\/\/viallidesign.com\/wp-content\/uploads\/2024\/08\/1208202466b9cefb89595-1024x1024.jpeg",1024,1024,true],"1536x1536":["https:\/\/viallidesign.com\/wp-content\/uploads\/2024\/08\/1208202466b9cefb89595.jpeg",1200,1200,false],"2048x2048":["https:\/\/viallidesign.com\/wp-content\/uploads\/2024\/08\/1208202466b9cefb89595.jpeg",1200,1200,false],"trp-custom-language-flag":["https:\/\/viallidesign.com\/wp-content\/uploads\/2024\/08\/1208202466b9cefb89595-12x12.jpeg",12,12,true],"woocommerce_thumbnail":["https:\/\/viallidesign.com\/wp-content\/uploads\/2024\/08\/1208202466b9cefb89595-600x600.jpeg",600,600,true],"woocommerce_single":["https:\/\/viallidesign.com\/wp-content\/uploads\/2024\/08\/1208202466b9cefb89595.jpeg",1200,1200,false],"woocommerce_gallery_thumbnail":["https:\/\/viallidesign.com\/wp-content\/uploads\/2024\/08\/1208202466b9cefb89595-100x100.jpeg",100,100,true],"dgwt-wcas-product-suggestion":["https:\/\/viallidesign.com\/wp-content\/uploads\/2024\/08\/1208202466b9cefb89595-64x64.jpeg",64,64,true]},"uagb_author_info":{"display_name":"viallidesign","author_link":"https:\/\/viallidesign.com\/en\/author\/"},"uagb_comment_info":0,"uagb_excerpt":"Niezwykle praktyczny oraz funkcjonalny termos z serii Fuori marki Vialli Design o pojemno\u015bci 680 ml. Termos posiada dodatkowy pojemnik na drobne dodatki oraz sk\u0142adan\u0105 \u0142y\u017ck\u0119. Dzi\u0119ki izolacji pr\u00f3\u017cniowej wykonanej ze stali nierdzewnej doskonale utrzymuje temperatur\u0119 przez wiele godzin. Zewn\u0119trzna \u015bcianka termosu zachowuje bezpieczn\u0105 temperatur\u0119, pomimo gor\u0105cej zawarto\u015bci naczynia. Ryzyko poparzenia d\u0142oni podczas trzymania termosu w&hellip;","_links":{"self":[{"href":"https:\/\/viallidesign.com\/en\/wp-json\/wp\/v2\/product\/226515","targetHints":{"allow":["GET"]}}],"collection":[{"href":"https:\/\/viallidesign.com\/en\/wp-json\/wp\/v2\/product"}],"about":[{"href":"https:\/\/viallidesign.com\/en\/wp-json\/wp\/v2\/types\/product"}],"wp:featuredmedia":[{"embeddable":true,"href":"https:\/\/viallidesign.com\/en\/wp-json\/wp\/v2\/media\/226503"}],"wp:attachment":[{"href":"https:\/\/viallidesign.com\/en\/wp-json\/wp\/v2\/media?parent=226515"}],"wp:term":[{"taxonomy":"product_brand","embeddable":true,"href":"https:\/\/viallidesign.com\/en\/wp-json\/wp\/v2\/product_brand?post=226515"},{"taxonomy":"product_cat","embeddable":true,"href":"https:\/\/viallidesign.com\/en\/wp-json\/wp\/v2\/product_cat?post=226515"},{"taxonomy":"product_tag","embeddable":true,"href":"https:\/\/viallidesign.com\/en\/wp-json\/wp\/v2\/product_tag?post=226515"}],"curies":[{"name":"wp","href":"https:\/\/api.w.org\/{rel}","templated":true}]}}