{"id":5467,"date":"2024-06-17T12:38:47","date_gmt":"2024-06-17T10:38:47","guid":{"rendered":"https:\/\/vialliwp.ageno.work\/?page_id=5467"},"modified":"2025-02-20T11:49:40","modified_gmt":"2025-02-20T10:49:40","slug":"wysylka-dostawa-platnosc","status":"publish","type":"page","link":"https:\/\/viallidesign.com\/en\/wysylka-dostawa-platnosc\/","title":{"rendered":"Shipping\/delivery\/payment"},"content":{"rendered":"<p><strong>Domestic shipments<\/strong><br>Orders are dispatched by courier companies including FedEx Express Polska Sp. z o.o. with its registered office in Warsaw.<\/p>\n\n\n\n<p>The maximum delivery time is 30 working days. The Seller shall not be liable for non-delivery or delayed delivery due to an incorrect address provided by the Purchaser.<\/p>\n\n\n\n<p>For orders over \u00a3300.00, the delivery charge for the parcel containing the product shall be borne by the Seller.<\/p>\n\n\n\n<p>A delivery charge will be added to orders where the value of the products is less than \u00a3300.<\/p>\n\n\n\n<p>The table below shows costs and delivery times:<\/p>\n\n\n\n<figure class=\"wp-block-table\"><table><tbody><tr><td><strong>Contract value<\/strong><\/td><td><strong>Prepayment<\/strong> Fedex<\/td><td><strong>Download<\/strong><\/td><\/tr><tr><td>up to \u00a3300<\/td><td>PLN 13.90 Courier <\/td><td>PLN 17.90<\/td><\/tr><tr><td>over 300 z\u0142 *only for Inpost<\/td><td>PLN 0<\/td><td>PLN 0<\/td><\/tr><\/tbody><\/table><\/figure>\n\n\n\n<p><strong>Personal collection in Czechowice-Dziedzice - on-line payment<\/strong><br>The ordered product can also be collected in person by appointment, directly from the shop, i.e.: 43-502 Czechowice-Dziedzice, 14 Pocztowa St., Monday to Friday from 8:00 am to 4:00 pm.<\/p>\n\n\n\n<p><br><strong>International shipments<\/strong><br>We do not currently allow delivery of orders from our e-shop abroad.&nbsp;<\/p>","protected":false},"excerpt":{"rendered":"<p>Przesy\u0142ki krajoweZam\u00f3wienia wysy\u0142amy, za po\u015brednictwem firm kurierskich m.in. FedEx Express Polska Sp. z o.o. z siedzib\u0105 w Warszawie. Maksymalny czas dostawy wynosi 30 dni roboczych.&nbsp;Sprzedawca nie ponosi odpowiedzialno\u015bci za niedostarczenie przesy\u0142ki lub op\u00f3\u017anienia w jej dor\u0119czeniu z powodu b\u0142\u0119dnie podanego adresu przez Zamawiaj\u0105cego. Przy zam\u00f3wieniach za kwot\u0119 powy\u017cej 300,00 z\u0142 op\u0142at\u0119 za dostarczenie przesy\u0142ki zawieraj\u0105cej [&hellip;]<\/p>","protected":false},"author":1,"featured_media":0,"parent":0,"menu_order":0,"comment_status":"closed","ping_status":"closed","template":"","meta":{"_uag_custom_page_level_css":"","site-sidebar-layout":"default","site-content-layout":"","ast-site-content-layout":"normal-width-container","site-content-style":"default","site-sidebar-style":"default","ast-global-header-display":"","ast-banner-title-visibility":"","ast-main-header-display":"","ast-hfb-above-header-display":"","ast-hfb-below-header-display":"","ast-hfb-mobile-header-display":"","site-post-title":"","ast-breadcrumbs-content":"","ast-featured-img":"","footer-sml-layout":"","ast-disable-related-posts":"","theme-transparent-header-meta":"","adv-header-id-meta":"","stick-header-meta":"","header-above-stick-meta":"","header-main-stick-meta":"","header-below-stick-meta":"","astra-migrate-meta-layouts":"set","ast-page-background-enabled":"default","ast-page-background-meta":{"desktop":{"background-color":"","background-image":"","background-repeat":"repeat","background-position":"center center","background-size":"auto","background-attachment":"scroll","background-type":"","background-media":"","overlay-type":"","overlay-color":"","overlay-opacity":"","overlay-gradient":""},"tablet":{"background-color":"","background-image":"","background-repeat":"repeat","background-position":"center center","background-size":"auto","background-attachment":"scroll","background-type":"","background-media":"","overlay-type":"","overlay-color":"","overlay-opacity":"","overlay-gradient":""},"mobile":{"background-color":"","background-image":"","background-repeat":"repeat","background-position":"center center","background-size":"auto","background-attachment":"scroll","background-type":"","background-media":"","overlay-type":"","overlay-color":"","overlay-opacity":"","overlay-gradient":""}},"ast-content-background-meta":{"desktop":{"background-color":"var(--ast-global-color-5)","background-image":"","background-repeat":"repeat","background-position":"center center","background-size":"auto","background-attachment":"scroll","background-type":"","background-media":"","overlay-type":"","overlay-color":"","overlay-opacity":"","overlay-gradient":""},"tablet":{"background-color":"var(--ast-global-color-5)","background-image":"","background-repeat":"repeat","background-position":"center center","background-size":"auto","background-attachment":"scroll","background-type":"","background-media":"","overlay-type":"","overlay-color":"","overlay-opacity":"","overlay-gradient":""},"mobile":{"background-color":"var(--ast-global-color-5)","background-image":"","background-repeat":"repeat","background-position":"center center","background-size":"auto","background-attachment":"scroll","background-type":"","background-media":"","overlay-type":"","overlay-color":"","overlay-opacity":"","overlay-gradient":""}},"footnotes":""},"class_list":["post-5467","page","type-page","status-publish","hentry"],"uagb_featured_image_src":{"full":false,"thumbnail":false,"medium":false,"medium_large":false,"large":false,"1536x1536":false,"2048x2048":false,"trp-custom-language-flag":false,"woocommerce_thumbnail":false,"woocommerce_single":false,"woocommerce_gallery_thumbnail":false,"dgwt-wcas-product-suggestion":false},"uagb_author_info":{"display_name":"viallidesign","author_link":"https:\/\/viallidesign.com\/en\/author\/viallidesign\/"},"uagb_comment_info":0,"uagb_excerpt":"Przesy\u0142ki krajoweZam\u00f3wienia wysy\u0142amy, za po\u015brednictwem firm kurierskich m.in. FedEx Express Polska Sp. z o.o. z siedzib\u0105 w Warszawie. Maksymalny czas dostawy wynosi 30 dni roboczych.&nbsp;Sprzedawca nie ponosi odpowiedzialno\u015bci za niedostarczenie przesy\u0142ki lub op\u00f3\u017anienia w jej dor\u0119czeniu z powodu b\u0142\u0119dnie podanego adresu przez Zamawiaj\u0105cego. Przy zam\u00f3wieniach za kwot\u0119 powy\u017cej 300,00 z\u0142 op\u0142at\u0119 za dostarczenie przesy\u0142ki zawieraj\u0105cej&hellip;","_links":{"self":[{"href":"https:\/\/viallidesign.com\/en\/wp-json\/wp\/v2\/pages\/5467","targetHints":{"allow":["GET"]}}],"collection":[{"href":"https:\/\/viallidesign.com\/en\/wp-json\/wp\/v2\/pages"}],"about":[{"href":"https:\/\/viallidesign.com\/en\/wp-json\/wp\/v2\/types\/page"}],"author":[{"embeddable":true,"href":"https:\/\/viallidesign.com\/en\/wp-json\/wp\/v2\/users\/1"}],"replies":[{"embeddable":true,"href":"https:\/\/viallidesign.com\/en\/wp-json\/wp\/v2\/comments?post=5467"}],"version-history":[{"count":3,"href":"https:\/\/viallidesign.com\/en\/wp-json\/wp\/v2\/pages\/5467\/revisions"}],"predecessor-version":[{"id":228211,"href":"https:\/\/viallidesign.com\/en\/wp-json\/wp\/v2\/pages\/5467\/revisions\/228211"}],"wp:attachment":[{"href":"https:\/\/viallidesign.com\/en\/wp-json\/wp\/v2\/media?parent=5467"}],"curies":[{"name":"wp","href":"https:\/\/api.w.org\/{rel}","templated":true}]}}