{"id":228057,"date":"2025-02-01T10:08:49","date_gmt":"2025-02-01T09:08:49","guid":{"rendered":"https:\/\/viallidesign.com\/?page_id=228057"},"modified":"2025-05-07T14:24:03","modified_gmt":"2025-05-07T12:24:03","slug":"b2binfo","status":"publish","type":"page","link":"https:\/\/viallidesign.com\/en\/b2binfo\/","title":{"rendered":"B2B"},"content":{"rendered":"<div data-elementor-type=\"wp-page\" data-elementor-id=\"228057\" class=\"elementor elementor-228057\">\n\t\t\t\t<div class=\"elementor-element elementor-element-2d3abb9 e-flex e-con-boxed e-con e-parent\" data-id=\"2d3abb9\" data-element_type=\"container\">\n\t\t\t\t\t<div class=\"e-con-inner\">\n\t\t\t\t<div class=\"elementor-element elementor-element-4ad00f0 elementor-widget elementor-widget-heading\" data-id=\"4ad00f0\" data-element_type=\"widget\" data-widget_type=\"heading.default\">\n\t\t\t\t<div class=\"elementor-widget-container\">\n\t\t\t\t\t<h3 class=\"elementor-heading-title elementor-size-default\">B2B cooperation<\/h3>\t\t\t\t<\/div>\n\t\t\t\t<\/div>\n\t\t\t\t\t<\/div>\n\t\t\t\t<\/div>\n\t\t<div class=\"elementor-element elementor-element-75066a1 e-flex e-con-boxed e-con e-parent\" data-id=\"75066a1\" data-element_type=\"container\">\n\t\t\t\t\t<div class=\"e-con-inner\">\n\t\t\t\t<div class=\"elementor-element elementor-element-f7dd5b4 elementor-widget elementor-widget-text-editor\" data-id=\"f7dd5b4\" data-element_type=\"widget\" data-widget_type=\"text-editor.default\">\n\t\t\t\t<div class=\"elementor-widget-container\">\n\t\t\t\t\t\t\t\t\t<p>Brand <strong>Vialli Design<\/strong> is synonymous with modernity, aesthetics and the highest quality workmanship. We offer unique products that combine functionality with design style, giving everyday objects a unique character. Our range includes, among others, stylish food containers, kitchen accessories and innovative gadgets that are perfect for both the home and the office. We work with top business partners from a wide range of industries, from retail chains, hotels, restaurants and caf\u00e9s, through to shops: small and large kitchenware, tourist shops, those specialising in coffee and tea, and advertising agencies.<\/p>\t\t\t\t\t\t\t\t<\/div>\n\t\t\t\t<\/div>\n\t\t\t\t\t<\/div>\n\t\t\t\t<\/div>\n\t\t<div class=\"elementor-element elementor-element-34e40e3 e-flex e-con-boxed e-con e-parent\" data-id=\"34e40e3\" data-element_type=\"container\">\n\t\t\t\t\t<div class=\"e-con-inner\">\n\t\t\t\t<div class=\"elementor-element elementor-element-b4d3bf8 elementor-widget elementor-widget-heading\" data-id=\"b4d3bf8\" data-element_type=\"widget\" data-widget_type=\"heading.default\">\n\t\t\t\t<div class=\"elementor-widget-container\">\n\t\t\t\t\t<h3 class=\"elementor-heading-title elementor-size-default\">Personalised products for your brand<\/h3>\t\t\t\t<\/div>\n\t\t\t\t<\/div>\n\t\t\t\t\t<\/div>\n\t\t\t\t<\/div>\n\t\t<div class=\"elementor-element elementor-element-fd0c14f e-flex e-con-boxed e-con e-parent\" data-id=\"fd0c14f\" data-element_type=\"container\">\n\t\t\t\t\t<div class=\"e-con-inner\">\n\t\t<div class=\"elementor-element elementor-element-e466d55 e-con-full e-flex e-con e-child\" data-id=\"e466d55\" data-element_type=\"container\">\n\t\t\t\t<div class=\"elementor-element elementor-element-8617378 elementor-widget elementor-widget-image\" data-id=\"8617378\" data-element_type=\"widget\" data-widget_type=\"image.default\">\n\t\t\t\t<div class=\"elementor-widget-container\">\n\t\t\t\t\t\t\t\t\t\t\t\t\t\t\t<img fetchpriority=\"high\" decoding=\"async\" width=\"800\" height=\"800\" src=\"https:\/\/viallidesign.com\/wp-content\/uploads\/2025\/02\/twojelogo2.jpg\" class=\"attachment-full size-full wp-image-228103\" alt=\"\" srcset=\"https:\/\/viallidesign.com\/wp-content\/uploads\/2025\/02\/twojelogo2.jpg 800w, https:\/\/viallidesign.com\/wp-content\/uploads\/2025\/02\/twojelogo2-300x300.jpg 300w, https:\/\/viallidesign.com\/wp-content\/uploads\/2025\/02\/twojelogo2-80x80.jpg 80w, https:\/\/viallidesign.com\/wp-content\/uploads\/2025\/02\/twojelogo2-768x768.jpg 768w, https:\/\/viallidesign.com\/wp-content\/uploads\/2025\/02\/twojelogo2-12x12.jpg 12w, https:\/\/viallidesign.com\/wp-content\/uploads\/2025\/02\/twojelogo2-600x600.jpg 600w, https:\/\/viallidesign.com\/wp-content\/uploads\/2025\/02\/twojelogo2-100x100.jpg 100w, https:\/\/viallidesign.com\/wp-content\/uploads\/2025\/02\/twojelogo2-64x64.jpg 64w\" sizes=\"(max-width: 800px) 100vw, 800px\" \/>\t\t\t\t\t\t\t\t\t\t\t\t\t\t\t<\/div>\n\t\t\t\t<\/div>\n\t\t\t\t<\/div>\n\t\t<div class=\"elementor-element elementor-element-b0bc635 e-con-full e-flex e-con e-child\" data-id=\"b0bc635\" data-element_type=\"container\">\n\t\t\t\t<div class=\"elementor-element elementor-element-b69b7a2 elementor-widget elementor-widget-text-editor\" data-id=\"b69b7a2\" data-element_type=\"widget\" data-widget_type=\"text-editor.default\">\n\t\t\t\t<div class=\"elementor-widget-container\">\n\t\t\t\t\t\t\t\t\t<p><strong>Advertising in your style!<\/strong><\/p><p>Do you want to make your brand stand out in the marketplace? We not only offer <strong>unique Vialli Design products<\/strong>but also comprehensive <strong>marketing support<\/strong>! We will help you match the perfect promotional gadgets to your branding strategy, increasing your company's visibility in a stylish and functional way.<\/p><p><strong>A variety of marking techniques:<\/strong><\/p><ul><li><strong>Screen printing<\/strong> - durable and aesthetically pleasing printing on large surfaces<\/li><li><strong>Pad printing<\/strong> - Precise personalisation on small details<\/li><li><strong>Laser engraving<\/strong> - elegant and wear-resistant mark<\/li><li><strong>UV printing<\/strong> - ideal for full-colour and intricate designs<\/li><\/ul>\t\t\t\t\t\t\t\t<\/div>\n\t\t\t\t<\/div>\n\t\t\t\t<\/div>\n\t\t\t\t\t<\/div>\n\t\t\t\t<\/div>\n\t\t<div class=\"elementor-element elementor-element-1657697 e-flex e-con-boxed e-con e-parent\" data-id=\"1657697\" data-element_type=\"container\">\n\t\t\t\t\t<div class=\"e-con-inner\">\n\t\t\t\t<div class=\"elementor-element elementor-element-6b4a20b elementor-widget elementor-widget-heading\" data-id=\"6b4a20b\" data-element_type=\"widget\" data-widget_type=\"heading.default\">\n\t\t\t\t<div class=\"elementor-widget-container\">\n\t\t\t\t\t<h3 class=\"elementor-heading-title elementor-size-default\">Examples of Vialli Design product marking<\/h3>\t\t\t\t<\/div>\n\t\t\t\t<\/div>\n\t\t\t\t\t<\/div>\n\t\t\t\t<\/div>\n\t\t<div class=\"elementor-element elementor-element-9de1445 e-flex e-con-boxed e-con e-parent\" data-id=\"9de1445\" data-element_type=\"container\">\n\t\t\t\t\t<div class=\"e-con-inner\">\n\t\t<div class=\"elementor-element elementor-element-62e01b9 e-con-full e-flex e-con e-child\" data-id=\"62e01b9\" data-element_type=\"container\">\n\t\t\t\t<div class=\"elementor-element elementor-element-4ded37f elementor-widget elementor-widget-image\" data-id=\"4ded37f\" data-element_type=\"widget\" data-widget_type=\"image.default\">\n\t\t\t\t<div class=\"elementor-widget-container\">\n\t\t\t\t\t\t\t\t\t\t\t\t\t\t\t<img decoding=\"async\" width=\"800\" height=\"800\" src=\"https:\/\/viallidesign.com\/wp-content\/uploads\/2025\/02\/sdzaparzacz.jpg\" class=\"attachment-full size-full wp-image-228061\" alt=\"\" srcset=\"https:\/\/viallidesign.com\/wp-content\/uploads\/2025\/02\/sdzaparzacz.jpg 800w, https:\/\/viallidesign.com\/wp-content\/uploads\/2025\/02\/sdzaparzacz-300x300.jpg 300w, https:\/\/viallidesign.com\/wp-content\/uploads\/2025\/02\/sdzaparzacz-80x80.jpg 80w, https:\/\/viallidesign.com\/wp-content\/uploads\/2025\/02\/sdzaparzacz-768x768.jpg 768w, https:\/\/viallidesign.com\/wp-content\/uploads\/2025\/02\/sdzaparzacz-12x12.jpg 12w, https:\/\/viallidesign.com\/wp-content\/uploads\/2025\/02\/sdzaparzacz-600x600.jpg 600w, https:\/\/viallidesign.com\/wp-content\/uploads\/2025\/02\/sdzaparzacz-100x100.jpg 100w, https:\/\/viallidesign.com\/wp-content\/uploads\/2025\/02\/sdzaparzacz-64x64.jpg 64w\" sizes=\"(max-width: 800px) 100vw, 800px\" \/>\t\t\t\t\t\t\t\t\t\t\t\t\t\t\t<\/div>\n\t\t\t\t<\/div>\n\t\t\t\t<\/div>\n\t\t<div class=\"elementor-element elementor-element-b916548 e-con-full e-flex e-con e-child\" data-id=\"b916548\" data-element_type=\"container\">\n\t\t\t\t<div class=\"elementor-element elementor-element-6911d88 elementor-widget elementor-widget-image\" data-id=\"6911d88\" data-element_type=\"widget\" data-widget_type=\"image.default\">\n\t\t\t\t<div class=\"elementor-widget-container\">\n\t\t\t\t\t\t\t\t\t\t\t\t\t\t\t<img decoding=\"async\" width=\"800\" height=\"800\" src=\"https:\/\/viallidesign.com\/wp-content\/uploads\/2025\/02\/powoolutku.jpg\" class=\"attachment-full size-full wp-image-228060\" alt=\"\" srcset=\"https:\/\/viallidesign.com\/wp-content\/uploads\/2025\/02\/powoolutku.jpg 800w, https:\/\/viallidesign.com\/wp-content\/uploads\/2025\/02\/powoolutku-300x300.jpg 300w, https:\/\/viallidesign.com\/wp-content\/uploads\/2025\/02\/powoolutku-80x80.jpg 80w, https:\/\/viallidesign.com\/wp-content\/uploads\/2025\/02\/powoolutku-768x768.jpg 768w, https:\/\/viallidesign.com\/wp-content\/uploads\/2025\/02\/powoolutku-12x12.jpg 12w, https:\/\/viallidesign.com\/wp-content\/uploads\/2025\/02\/powoolutku-600x600.jpg 600w, https:\/\/viallidesign.com\/wp-content\/uploads\/2025\/02\/powoolutku-100x100.jpg 100w, https:\/\/viallidesign.com\/wp-content\/uploads\/2025\/02\/powoolutku-64x64.jpg 64w\" sizes=\"(max-width: 800px) 100vw, 800px\" \/>\t\t\t\t\t\t\t\t\t\t\t\t\t\t\t<\/div>\n\t\t\t\t<\/div>\n\t\t\t\t<\/div>\n\t\t<div class=\"elementor-element elementor-element-68c61d6 e-con-full e-flex e-con e-child\" data-id=\"68c61d6\" data-element_type=\"container\">\n\t\t\t\t<div class=\"elementor-element elementor-element-8adc06d elementor-widget elementor-widget-image\" data-id=\"8adc06d\" data-element_type=\"widget\" data-widget_type=\"image.default\">\n\t\t\t\t<div class=\"elementor-widget-container\">\n\t\t\t\t\t\t\t\t\t\t\t\t\t\t\t<img loading=\"lazy\" decoding=\"async\" width=\"800\" height=\"800\" src=\"https:\/\/viallidesign.com\/wp-content\/uploads\/2025\/02\/foosland.jpg\" class=\"attachment-full size-full wp-image-228059\" alt=\"\" srcset=\"https:\/\/viallidesign.com\/wp-content\/uploads\/2025\/02\/foosland.jpg 800w, https:\/\/viallidesign.com\/wp-content\/uploads\/2025\/02\/foosland-300x300.jpg 300w, https:\/\/viallidesign.com\/wp-content\/uploads\/2025\/02\/foosland-80x80.jpg 80w, https:\/\/viallidesign.com\/wp-content\/uploads\/2025\/02\/foosland-768x768.jpg 768w, https:\/\/viallidesign.com\/wp-content\/uploads\/2025\/02\/foosland-12x12.jpg 12w, https:\/\/viallidesign.com\/wp-content\/uploads\/2025\/02\/foosland-600x600.jpg 600w, https:\/\/viallidesign.com\/wp-content\/uploads\/2025\/02\/foosland-100x100.jpg 100w, https:\/\/viallidesign.com\/wp-content\/uploads\/2025\/02\/foosland-64x64.jpg 64w\" sizes=\"(max-width: 800px) 100vw, 800px\" \/>\t\t\t\t\t\t\t\t\t\t\t\t\t\t\t<\/div>\n\t\t\t\t<\/div>\n\t\t\t\t<\/div>\n\t\t<div class=\"elementor-element elementor-element-3ef5afd e-con-full e-flex e-con e-child\" data-id=\"3ef5afd\" data-element_type=\"container\">\n\t\t\t\t<div class=\"elementor-element elementor-element-1806516 elementor-widget elementor-widget-image\" data-id=\"1806516\" data-element_type=\"widget\" data-widget_type=\"image.default\">\n\t\t\t\t<div class=\"elementor-widget-container\">\n\t\t\t\t\t\t\t\t\t\t\t\t\t\t\t<img loading=\"lazy\" decoding=\"async\" width=\"800\" height=\"800\" src=\"https:\/\/viallidesign.com\/wp-content\/uploads\/2025\/02\/butelkalogo.jpg\" class=\"attachment-full size-full wp-image-228058\" alt=\"\" srcset=\"https:\/\/viallidesign.com\/wp-content\/uploads\/2025\/02\/butelkalogo.jpg 800w, https:\/\/viallidesign.com\/wp-content\/uploads\/2025\/02\/butelkalogo-300x300.jpg 300w, https:\/\/viallidesign.com\/wp-content\/uploads\/2025\/02\/butelkalogo-80x80.jpg 80w, https:\/\/viallidesign.com\/wp-content\/uploads\/2025\/02\/butelkalogo-768x768.jpg 768w, https:\/\/viallidesign.com\/wp-content\/uploads\/2025\/02\/butelkalogo-12x12.jpg 12w, https:\/\/viallidesign.com\/wp-content\/uploads\/2025\/02\/butelkalogo-600x600.jpg 600w, https:\/\/viallidesign.com\/wp-content\/uploads\/2025\/02\/butelkalogo-100x100.jpg 100w, https:\/\/viallidesign.com\/wp-content\/uploads\/2025\/02\/butelkalogo-64x64.jpg 64w\" sizes=\"(max-width: 800px) 100vw, 800px\" \/>\t\t\t\t\t\t\t\t\t\t\t\t\t\t\t<\/div>\n\t\t\t\t<\/div>\n\t\t\t\t<\/div>\n\t\t\t\t\t<\/div>\n\t\t\t\t<\/div>\n\t\t<div class=\"elementor-element elementor-element-f74de94 e-flex e-con-boxed e-con e-parent\" data-id=\"f74de94\" data-element_type=\"container\">\n\t\t\t\t\t<div class=\"e-con-inner\">\n\t\t\t\t<div class=\"elementor-element elementor-element-08b8003 elementor-widget elementor-widget-heading\" data-id=\"08b8003\" data-element_type=\"widget\" data-widget_type=\"heading.default\">\n\t\t\t\t<div class=\"elementor-widget-container\">\n\t\t\t\t\t<h3 class=\"elementor-heading-title elementor-size-default\">Why work with us?<\/h3>\t\t\t\t<\/div>\n\t\t\t\t<\/div>\n\t\t\t\t\t<\/div>\n\t\t\t\t<\/div>\n\t\t<div class=\"elementor-element elementor-element-ba2b7c2 e-flex e-con-boxed e-con e-parent\" data-id=\"ba2b7c2\" data-element_type=\"container\">\n\t\t\t\t\t<div class=\"e-con-inner\">\n\t\t<div class=\"elementor-element elementor-element-5790523 e-con-full e-flex e-con e-child\" data-id=\"5790523\" data-element_type=\"container\">\n\t\t\t\t<div class=\"elementor-element elementor-element-4402539 elementor-widget elementor-widget-image\" data-id=\"4402539\" data-element_type=\"widget\" data-widget_type=\"image.default\">\n\t\t\t\t<div class=\"elementor-widget-container\">\n\t\t\t\t\t\t\t\t\t\t\t\t\t\t\t<img loading=\"lazy\" decoding=\"async\" width=\"928\" height=\"928\" src=\"https:\/\/viallidesign.com\/wp-content\/uploads\/2025\/02\/b2bpart.png\" class=\"attachment-large size-large wp-image-228077\" alt=\"\" srcset=\"https:\/\/viallidesign.com\/wp-content\/uploads\/2025\/02\/b2bpart.png 928w, https:\/\/viallidesign.com\/wp-content\/uploads\/2025\/02\/b2bpart-300x300.png 300w, https:\/\/viallidesign.com\/wp-content\/uploads\/2025\/02\/b2bpart-80x80.png 80w, https:\/\/viallidesign.com\/wp-content\/uploads\/2025\/02\/b2bpart-768x768.png 768w, https:\/\/viallidesign.com\/wp-content\/uploads\/2025\/02\/b2bpart-12x12.png 12w, https:\/\/viallidesign.com\/wp-content\/uploads\/2025\/02\/b2bpart-600x600.png 600w, https:\/\/viallidesign.com\/wp-content\/uploads\/2025\/02\/b2bpart-100x100.png 100w, https:\/\/viallidesign.com\/wp-content\/uploads\/2025\/02\/b2bpart-64x64.png 64w\" sizes=\"(max-width: 928px) 100vw, 928px\" \/>\t\t\t\t\t\t\t\t\t\t\t\t\t\t\t<\/div>\n\t\t\t\t<\/div>\n\t\t\t\t<\/div>\n\t\t<div class=\"elementor-element elementor-element-201ea59 e-con-full e-flex e-con e-child\" data-id=\"201ea59\" data-element_type=\"container\">\n\t\t\t\t<div class=\"elementor-element elementor-element-ef5deb2 elementor-widget elementor-widget-text-editor\" data-id=\"ef5deb2\" data-element_type=\"widget\" data-widget_type=\"text-editor.default\">\n\t\t\t\t<div class=\"elementor-widget-container\">\n\t\t\t\t\t\t\t\t\t<h4><strong>Why work with us?<\/strong><\/h4><p>\u2714\ufe0f <strong>Marketing support<\/strong> - advise you on the products best suited to your brand<br \/>\u2714\ufe0f <strong>No minimum orders<\/strong> - we adapt to your needs<br \/>\u2714\ufe0f <strong>Express delivery<\/strong> - finished products in just 2-3 working days<br \/>\u2714\ufe0f <strong>Free transport<\/strong> - you save on every order<br \/>\u2714\ufe0f <strong>Perfect print quality and durable workmanship<\/strong><\/p><h4 class=\"wp-block-heading\"><strong>Join the circle of our partners<\/strong><\/h4><p>Want to find out more? <span style=\"text-decoration: underline;\"><strong><a href=\"https:\/\/viallidesign.com\/en\/kontakt\/\">Contact us<\/a><\/strong>,<\/span> and we will provide you with details of the cooperation. Together, we can build on our success and provide customers with products that impress with quality and design.<\/p>\t\t\t\t\t\t\t\t<\/div>\n\t\t\t\t<\/div>\n\t\t\t\t<\/div>\n\t\t\t\t\t<\/div>\n\t\t\t\t<\/div>\n\t\t<div class=\"elementor-element elementor-element-5dee5dc e-flex e-con-boxed e-con e-parent\" data-id=\"5dee5dc\" data-element_type=\"container\">\n\t\t\t\t\t<div class=\"e-con-inner\">\n\t\t\t\t<div class=\"elementor-element elementor-element-7262564 elementor-widget elementor-widget-heading\" data-id=\"7262564\" data-element_type=\"widget\" data-widget_type=\"heading.default\">\n\t\t\t\t<div class=\"elementor-widget-container\">\n\t\t\t\t\t<h3 class=\"elementor-heading-title elementor-size-default\">Get in touch to find out more about partnership opportunities!<\/h3>\t\t\t\t<\/div>\n\t\t\t\t<\/div>\n\t\t\t\t\t<\/div>\n\t\t\t\t<\/div>\n\t\t<div class=\"elementor-element elementor-element-3e8f9e2 e-flex e-con-boxed e-con e-parent\" data-id=\"3e8f9e2\" data-element_type=\"container\">\n\t\t\t\t\t<div class=\"e-con-inner\">\n\t\t<div class=\"elementor-element elementor-element-da88e14 e-con-full e-flex e-con e-child\" data-id=\"da88e14\" data-element_type=\"container\">\n\t\t\t\t<div class=\"elementor-element elementor-element-c11c413 elementor-widget elementor-widget-heading\" data-id=\"c11c413\" data-element_type=\"widget\" data-widget_type=\"heading.default\">\n\t\t\t\t<div class=\"elementor-widget-container\">\n\t\t\t\t\t<h4 class=\"elementor-heading-title elementor-size-default\">Magdalena Koralewska<\/h4>\t\t\t\t<\/div>\n\t\t\t\t<\/div>\n\t\t\t\t<div class=\"elementor-element elementor-element-058e64f elementor-view-default elementor-position-top elementor-mobile-position-top elementor-widget elementor-widget-icon-box\" data-id=\"058e64f\" data-element_type=\"widget\" data-widget_type=\"icon-box.default\">\n\t\t\t\t<div class=\"elementor-widget-container\">\n\t\t\t\t\t\t\t<div class=\"elementor-icon-box-wrapper\">\n\n\t\t\t\t\t\t<div class=\"elementor-icon-box-icon\">\n\t\t\t\t<span  class=\"elementor-icon\">\n\t\t\t\t<svg aria-hidden=\"true\" class=\"e-font-icon-svg e-fas-phone-alt\" viewbox=\"0 0 512 512\" xmlns=\"http:\/\/www.w3.org\/2000\/svg\"><path d=\"M497.39 361.8l-112-48a24 24 0 0 0-28 6.9l-49.6 60.6A370.66 370.66 0 0 1 130.6 204.11l60.6-49.6a23.94 23.94 0 0 0 6.9-28l-48-112A24.16 24.16 0 0 0 122.6.61l-104 24A24 24 0 0 0 0 48c0 256.5 207.9 464 464 464a24 24 0 0 0 23.4-18.6l24-104a24.29 24.29 0 0 0-14.01-27.6z\"><\/path><\/svg>\t\t\t\t<\/span>\n\t\t\t<\/div>\n\t\t\t\n\t\t\t\t\t\t<div class=\"elementor-icon-box-content\">\n\n\t\t\t\t\t\t\t\t\t<h3 class=\"elementor-icon-box-title\">\n\t\t\t\t\t\t<span  >\n\t\t\t\t\t\t\t+48 538 551 866\t\t\t\t\t\t<\/span>\n\t\t\t\t\t<\/h3>\n\t\t\t\t\n\t\t\t\t\n\t\t\t<\/div>\n\t\t\t\n\t\t<\/div>\n\t\t\t\t\t\t<\/div>\n\t\t\t\t<\/div>\n\t\t\t\t<div class=\"elementor-element elementor-element-1b294a4 elementor-view-default elementor-position-top elementor-mobile-position-top elementor-widget elementor-widget-icon-box\" data-id=\"1b294a4\" data-element_type=\"widget\" data-widget_type=\"icon-box.default\">\n\t\t\t\t<div class=\"elementor-widget-container\">\n\t\t\t\t\t\t\t<div class=\"elementor-icon-box-wrapper\">\n\n\t\t\t\t\t\t<div class=\"elementor-icon-box-icon\">\n\t\t\t\t<span  class=\"elementor-icon\">\n\t\t\t\t<svg aria-hidden=\"true\" class=\"e-font-icon-svg e-fas-envelope\" viewbox=\"0 0 512 512\" xmlns=\"http:\/\/www.w3.org\/2000\/svg\"><path d=\"M502.3 190.8c3.9-3.1 9.7-.2 9.7 4.7V400c0 26.5-21.5 48-48 48H48c-26.5 0-48-21.5-48-48V195.6c0-5 5.7-7.8 9.7-4.7 22.4 17.4 52.1 39.5 154.1 113.6 21.1 15.4 56.7 47.8 92.2 47.6 35.7.3 72-32.8 92.3-47.6 102-74.1 131.6-96.3 154-113.7zM256 320c23.2.4 56.6-29.2 73.4-41.4 132.7-96.3 142.8-104.7 173.4-128.7 5.8-4.5 9.2-11.5 9.2-18.9v-19c0-26.5-21.5-48-48-48H48C21.5 64 0 85.5 0 112v19c0 7.4 3.4 14.3 9.2 18.9 30.6 23.9 40.7 32.4 173.4 128.7 16.8 12.2 50.2 41.8 73.4 41.4z\"><\/path><\/svg>\t\t\t\t<\/span>\n\t\t\t<\/div>\n\t\t\t\n\t\t\t\t\t\t<div class=\"elementor-icon-box-content\">\n\n\t\t\t\t\t\t\t\t\t<h3 class=\"elementor-icon-box-title\">\n\t\t\t\t\t\t<span  >\n\t\t\t\t\t\t\tm.koralewska@kulig.com.pl\t\t\t\t\t\t<\/span>\n\t\t\t\t\t<\/h3>\n\t\t\t\t\n\t\t\t\t\n\t\t\t<\/div>\n\t\t\t\n\t\t<\/div>\n\t\t\t\t\t\t<\/div>\n\t\t\t\t<\/div>\n\t\t\t\t<\/div>\n\t\t\t\t\t<\/div>\n\t\t\t\t<\/div>\n\t\t\t\t<\/div>","protected":false},"excerpt":{"rendered":"<p>Wsp\u00f3\u0142praca B2B Marka Vialli Design to synonim nowoczesno\u015bci, estetyki i najwy\u017cszej jako\u015bci wykonania. Oferujemy wyj\u0105tkowe produkty, kt\u00f3re \u0142\u0105cz\u0105 funkcjonalno\u015b\u0107 z designerskim stylem, nadaj\u0105c codziennym przedmiotom niepowtarzalny charakter. Nasza oferta obejmuje m.in. stylowe pojemniki na \u017cywno\u015b\u0107, akcesoria kuchenne oraz innowacyjne gad\u017cety, kt\u00f3re doskonale sprawdz\u0105 si\u0119 zar\u00f3wno w domu, jak i w biurze. Wsp\u00f3\u0142pracujemy z topowymi partnerami [&hellip;]<\/p>","protected":false},"author":1,"featured_media":0,"parent":0,"menu_order":0,"comment_status":"closed","ping_status":"closed","template":"","meta":{"_uag_custom_page_level_css":"","site-sidebar-layout":"no-sidebar","site-content-layout":"page-builder","ast-site-content-layout":"normal-width-container","site-content-style":"unboxed","site-sidebar-style":"unboxed","ast-global-header-display":"","ast-banner-title-visibility":"","ast-main-header-display":"","ast-hfb-above-header-display":"","ast-hfb-below-header-display":"","ast-hfb-mobile-header-display":"","site-post-title":"disabled","ast-breadcrumbs-content":"","ast-featured-img":"disabled","footer-sml-layout":"","ast-disable-related-posts":"","theme-transparent-header-meta":"","adv-header-id-meta":"","stick-header-meta":"","header-above-stick-meta":"","header-main-stick-meta":"","header-below-stick-meta":"","astra-migrate-meta-layouts":"set","ast-page-background-enabled":"default","ast-page-background-meta":{"desktop":{"background-color":"","background-image":"","background-repeat":"repeat","background-position":"center center","background-size":"auto","background-attachment":"scroll","background-type":"","background-media":"","overlay-type":"","overlay-color":"","overlay-opacity":"","overlay-gradient":""},"tablet":{"background-color":"","background-image":"","background-repeat":"repeat","background-position":"center center","background-size":"auto","background-attachment":"scroll","background-type":"","background-media":"","overlay-type":"","overlay-color":"","overlay-opacity":"","overlay-gradient":""},"mobile":{"background-color":"","background-image":"","background-repeat":"repeat","background-position":"center center","background-size":"auto","background-attachment":"scroll","background-type":"","background-media":"","overlay-type":"","overlay-color":"","overlay-opacity":"","overlay-gradient":""}},"ast-content-background-meta":{"desktop":{"background-color":"var(--ast-global-color-5)","background-image":"","background-repeat":"repeat","background-position":"center center","background-size":"auto","background-attachment":"scroll","background-type":"","background-media":"","overlay-type":"","overlay-color":"","overlay-opacity":"","overlay-gradient":""},"tablet":{"background-color":"var(--ast-global-color-5)","background-image":"","background-repeat":"repeat","background-position":"center center","background-size":"auto","background-attachment":"scroll","background-type":"","background-media":"","overlay-type":"","overlay-color":"","overlay-opacity":"","overlay-gradient":""},"mobile":{"background-color":"var(--ast-global-color-5)","background-image":"","background-repeat":"repeat","background-position":"center center","background-size":"auto","background-attachment":"scroll","background-type":"","background-media":"","overlay-type":"","overlay-color":"","overlay-opacity":"","overlay-gradient":""}},"footnotes":""},"class_list":["post-228057","page","type-page","status-publish","hentry"],"uagb_featured_image_src":{"full":false,"thumbnail":false,"medium":false,"medium_large":false,"large":false,"1536x1536":false,"2048x2048":false,"trp-custom-language-flag":false,"woocommerce_thumbnail":false,"woocommerce_single":false,"woocommerce_gallery_thumbnail":false,"dgwt-wcas-product-suggestion":false},"uagb_author_info":{"display_name":"viallidesign","author_link":"https:\/\/viallidesign.com\/en\/author\/viallidesign\/"},"uagb_comment_info":0,"uagb_excerpt":"Wsp\u00f3\u0142praca B2B Marka Vialli Design to synonim nowoczesno\u015bci, estetyki i najwy\u017cszej jako\u015bci wykonania. Oferujemy wyj\u0105tkowe produkty, kt\u00f3re \u0142\u0105cz\u0105 funkcjonalno\u015b\u0107 z designerskim stylem, nadaj\u0105c codziennym przedmiotom niepowtarzalny charakter. Nasza oferta obejmuje m.in. stylowe pojemniki na \u017cywno\u015b\u0107, akcesoria kuchenne oraz innowacyjne gad\u017cety, kt\u00f3re doskonale sprawdz\u0105 si\u0119 zar\u00f3wno w domu, jak i w biurze. Wsp\u00f3\u0142pracujemy z topowymi partnerami&hellip;","_links":{"self":[{"href":"https:\/\/viallidesign.com\/en\/wp-json\/wp\/v2\/pages\/228057","targetHints":{"allow":["GET"]}}],"collection":[{"href":"https:\/\/viallidesign.com\/en\/wp-json\/wp\/v2\/pages"}],"about":[{"href":"https:\/\/viallidesign.com\/en\/wp-json\/wp\/v2\/types\/page"}],"author":[{"embeddable":true,"href":"https:\/\/viallidesign.com\/en\/wp-json\/wp\/v2\/users\/1"}],"replies":[{"embeddable":true,"href":"https:\/\/viallidesign.com\/en\/wp-json\/wp\/v2\/comments?post=228057"}],"version-history":[{"count":49,"href":"https:\/\/viallidesign.com\/en\/wp-json\/wp\/v2\/pages\/228057\/revisions"}],"predecessor-version":[{"id":228608,"href":"https:\/\/viallidesign.com\/en\/wp-json\/wp\/v2\/pages\/228057\/revisions\/228608"}],"wp:attachment":[{"href":"https:\/\/viallidesign.com\/en\/wp-json\/wp\/v2\/media?parent=228057"}],"curies":[{"name":"wp","href":"https:\/\/api.w.org\/{rel}","templated":true}]}}