{"id":227905,"date":"2025-01-07T09:39:56","date_gmt":"2025-01-07T08:39:56","guid":{"rendered":"https:\/\/viallidesign.com\/?page_id=227905"},"modified":"2026-01-03T13:31:37","modified_gmt":"2026-01-03T12:31:37","slug":"ambiente2026","status":"publish","type":"page","link":"https:\/\/viallidesign.com\/en\/ambiente2026\/","title":{"rendered":"Ambiente 2026"},"content":{"rendered":"<figure class=\"wp-block-image size-full is-resized wp-duotone-unset-1\"><a href=\"https:\/\/viallidesign.com\/wp-content\/uploads\/2026\/01\/MarketingProduct-2.jpg\"><img fetchpriority=\"high\" decoding=\"async\" width=\"1455\" height=\"375\" src=\"https:\/\/viallidesign.com\/wp-content\/uploads\/2026\/01\/MarketingProduct-2.jpg\" alt=\"\" class=\"wp-image-233505\" style=\"width:1600px;height:auto\" srcset=\"https:\/\/viallidesign.com\/wp-content\/uploads\/2026\/01\/MarketingProduct-2.jpg 1455w, https:\/\/viallidesign.com\/wp-content\/uploads\/2026\/01\/MarketingProduct-2-300x77.jpg 300w, https:\/\/viallidesign.com\/wp-content\/uploads\/2026\/01\/MarketingProduct-2-1024x264.jpg 1024w, https:\/\/viallidesign.com\/wp-content\/uploads\/2026\/01\/MarketingProduct-2-768x198.jpg 768w, https:\/\/viallidesign.com\/wp-content\/uploads\/2026\/01\/MarketingProduct-2-18x5.jpg 18w, https:\/\/viallidesign.com\/wp-content\/uploads\/2026\/01\/MarketingProduct-2-600x155.jpg 600w, https:\/\/viallidesign.com\/wp-content\/uploads\/2026\/01\/MarketingProduct-2-1200x309.jpg 1200w, https:\/\/viallidesign.com\/wp-content\/uploads\/2026\/01\/MarketingProduct-2-64x16.jpg 64w\" sizes=\"(max-width: 1455px) 100vw, 1455px\" \/><\/a><\/figure>\n\n\n\n<div class=\"wp-block-group alignfull is-content-justification-center is-layout-constrained wp-container-core-group-is-layout-df757ecc wp-block-group-is-layout-constrained\" style=\"margin-top:0;margin-bottom:0;padding-top:calc( 0.5 * var(--wp--style--root--padding-right, var(--wp--custom--gap--horizontal)));padding-right:var(--wp--style--root--padding-right, var(--wp--custom--gap--horizontal));padding-bottom:calc( 0.5 * var(--wp--style--root--padding-right, var(--wp--custom--gap--horizontal)));padding-left:var(--wp--style--root--padding-left, var(--wp--custom--gap--horizontal))\">\n<div style=\"height:calc( 0.25 * var(--wp--style--root--padding-right, var(--wp--custom--gap--horizontal)))\" aria-hidden=\"true\" class=\"wp-block-spacer\"><\/div>\n\n\n\n<div style=\"height:calc( 0.25 * var(--wp--style--root--padding-right, var(--wp--custom--gap--horizontal)))\" aria-hidden=\"true\" class=\"wp-block-spacer\"><\/div>\n<\/div>\n\n\n\n<div class=\"wp-block-group alignfull is-content-justification-center is-layout-constrained wp-container-core-group-is-layout-df757ecc wp-block-group-is-layout-constrained\" style=\"margin-top:0;margin-bottom:0;padding-top:calc( 0.5 * var(--wp--style--root--padding-right, var(--wp--custom--gap--horizontal)));padding-right:var(--wp--style--root--padding-right, var(--wp--custom--gap--horizontal));padding-bottom:calc( 0.5 * var(--wp--style--root--padding-right, var(--wp--custom--gap--horizontal)));padding-left:var(--wp--style--root--padding-left, var(--wp--custom--gap--horizontal))\">\n<div style=\"height:calc( 0.25 * var(--wp--style--root--padding-right, var(--wp--custom--gap--horizontal)))\" aria-hidden=\"true\" class=\"wp-block-spacer\"><\/div>\n\n\n\n<div style=\"height:calc( 0.25 * var(--wp--style--root--padding-right, var(--wp--custom--gap--horizontal)))\" aria-hidden=\"true\" class=\"wp-block-spacer\"><\/div>\n<\/div>\n\n\n\n<div class=\"wp-block-columns is-layout-flex wp-container-core-columns-is-layout-28f84493 wp-block-columns-is-layout-flex\">\n<div class=\"wp-block-column is-layout-flow wp-block-column-is-layout-flow\">\n<figure class=\"wp-block-image aligncenter size-full is-resized\"><a href=\"https:\/\/viallidesign.com\/wp-content\/uploads\/2026\/01\/stoisko.jpg\"><img decoding=\"async\" width=\"1072\" height=\"672\" src=\"https:\/\/viallidesign.com\/wp-content\/uploads\/2026\/01\/stoisko.jpg\" alt=\"\" class=\"wp-image-233507\" style=\"aspect-ratio:1.59529537556803;width:458px;height:auto\" srcset=\"https:\/\/viallidesign.com\/wp-content\/uploads\/2026\/01\/stoisko.jpg 1072w, https:\/\/viallidesign.com\/wp-content\/uploads\/2026\/01\/stoisko-300x188.jpg 300w, https:\/\/viallidesign.com\/wp-content\/uploads\/2026\/01\/stoisko-1024x642.jpg 1024w, https:\/\/viallidesign.com\/wp-content\/uploads\/2026\/01\/stoisko-768x481.jpg 768w, https:\/\/viallidesign.com\/wp-content\/uploads\/2026\/01\/stoisko-18x12.jpg 18w, https:\/\/viallidesign.com\/wp-content\/uploads\/2026\/01\/stoisko-600x376.jpg 600w, https:\/\/viallidesign.com\/wp-content\/uploads\/2026\/01\/stoisko-64x40.jpg 64w\" sizes=\"(max-width: 1072px) 100vw, 1072px\" \/><\/a><\/figure>\n<\/div>\n\n\n\n<div class=\"wp-block-column is-vertically-aligned-center is-layout-flow wp-block-column-is-layout-flow\">\n<h2 class=\"wp-block-heading\">Stand A35. Hall 9.1<\/h2>\n\n\n\n<p>You are cordially invited to visit our stand at the International Trade Fair <strong>Ambiente 2026,<\/strong> which will take place on <strong>6-10 February 2026 in Frankfurt am Main<\/strong>. This prestigious event brings together leading representatives of the consumer goods industry from around the world, showcasing the latest trends and innovations in design and interior design.<\/p>\n\n\n\n<p>We invite you to a face-to-face meeting at our stand, where our experts will answer your questions, present the full range of products and discuss cooperation opportunities. This is an excellent opportunity to establish new business contacts and see for yourself the quality and unique design of our products.<\/p>\n<\/div>\n<\/div>\n\n\n\n<div class=\"wp-block-columns is-layout-flex wp-container-core-columns-is-layout-28f84493 wp-block-columns-is-layout-flex\">\n<div class=\"wp-block-column is-vertically-aligned-center is-layout-flow wp-block-column-is-layout-flow\">\n<figure class=\"wp-block-image aligncenter size-full\"><a href=\"https:\/\/viallidesign.com\/wp-content\/uploads\/2025\/01\/happy.jpg\"><img decoding=\"async\" width=\"323\" height=\"299\" src=\"https:\/\/viallidesign.com\/wp-content\/uploads\/2025\/01\/happy.jpg\" alt=\"\" class=\"wp-image-227927\" srcset=\"https:\/\/viallidesign.com\/wp-content\/uploads\/2025\/01\/happy.jpg 323w, https:\/\/viallidesign.com\/wp-content\/uploads\/2025\/01\/happy-300x278.jpg 300w, https:\/\/viallidesign.com\/wp-content\/uploads\/2025\/01\/happy-13x12.jpg 13w, https:\/\/viallidesign.com\/wp-content\/uploads\/2025\/01\/happy-64x59.jpg 64w\" sizes=\"(max-width: 323px) 100vw, 323px\" \/><\/a><\/figure>\n<\/div>\n\n\n\n<div class=\"wp-block-column is-vertically-aligned-center is-layout-flow wp-block-column-is-layout-flow\">\n<h2 class=\"wp-block-heading\">Invitation to the fair<\/h2>\n\n\n\n<p>We have a limited pool of <strong>free tickets <\/strong>for the Fair, so if you are interested, please let us know as soon as possible and contact your account manager.<\/p>\n\n\n\n<p>We would be grateful if you could send us your planned date and time of arrival at the stand to arrange a meeting.&nbsp;<\/p>\n\n\n\n<p>To convert the voucher into valid tickets, customers must register them online in Messe Frankfurt's Online Ticketing system at <a href=\"http:\/\/visitortickets.messefrankfurt.com\" data-type=\"link\" data-id=\"visitortickets.messefrankfurt.com\" rel=\"noopener\">visitortickets.messefrankfurt.com<\/a>.<\/p>\n\n\n\n<p>The voucher entitles visitors who have pre-registered online to use local public transport to and from the fair free of charge.<\/p>\n\n\n\n<p>We invite you to a face-to-face meeting at our stand, where our experts will answer your questions, present the full range of products and discuss cooperation opportunities. This is an excellent opportunity to establish new business contacts and see for yourself the quality and unique design of our products.<\/p>\n\n\n\n<div class=\"wp-block-buttons is-layout-flex wp-block-buttons-is-layout-flex\">\n<div class=\"wp-block-button\"><a class=\"wp-block-button__link wp-element-button\" href=\"http:\/\/visitortickets.messefrankfurt.com\" rel=\"noopener\">REGISTER YOUR VOUCHER<\/a><\/div>\n<\/div>\n<\/div>\n<\/div>\n\n\n\n<div class=\"wp-block-columns is-layout-flex wp-container-core-columns-is-layout-28f84493 wp-block-columns-is-layout-flex\">\n<div class=\"wp-block-column is-vertically-aligned-center is-layout-flow wp-block-column-is-layout-flow\">\n<figure class=\"wp-block-image aligncenter size-full\"><a href=\"https:\/\/viallidesign.com\/wp-content\/uploads\/2025\/01\/nawigator.jpg\"><img loading=\"lazy\" decoding=\"async\" width=\"323\" height=\"299\" src=\"https:\/\/viallidesign.com\/wp-content\/uploads\/2025\/01\/nawigator.jpg\" alt=\"\" class=\"wp-image-227934\" srcset=\"https:\/\/viallidesign.com\/wp-content\/uploads\/2025\/01\/nawigator.jpg 323w, https:\/\/viallidesign.com\/wp-content\/uploads\/2025\/01\/nawigator-300x278.jpg 300w, https:\/\/viallidesign.com\/wp-content\/uploads\/2025\/01\/nawigator-13x12.jpg 13w, https:\/\/viallidesign.com\/wp-content\/uploads\/2025\/01\/nawigator-64x59.jpg 64w\" sizes=\"(max-width: 323px) 100vw, 323px\" \/><\/a><\/figure>\n<\/div>\n\n\n\n<div class=\"wp-block-column is-vertically-aligned-center is-layout-flow wp-block-column-is-layout-flow\">\n<h2 class=\"wp-block-heading\">Visitor application<\/h2>\n\n\n\n<p>The Ambiente Navigator app is an extraordinary aid for visitors. It includes a map of the stands, an exhibitor and product finder. The app is free for Android and Apple. <\/p>\n\n\n\n<p><a href=\"https:\/\/play.google.com\/store\/apps\/details?id=com.messefrankfurt.navigator.ambiente\" data-type=\"link\" data-id=\"https:\/\/play.google.com\/store\/apps\/details?id=com.messefrankfurt.navigator.ambiente\" rel=\"noopener\"><strong>Download for Android<\/strong><\/a><\/p>\n\n\n\n<p><a href=\"https:\/\/itunes.apple.com\/gb\/app\/ambiente-navigator\/id489818847?mt=8\" data-type=\"link\" data-id=\"https:\/\/itunes.apple.com\/gb\/app\/ambiente-navigator\/id489818847?mt=8\" rel=\"noopener\"><strong>Download for iOS<\/strong><\/a><\/p>\n\n\n\n<div class=\"wp-block-buttons is-layout-flex wp-block-buttons-is-layout-flex\">\n<div class=\"wp-block-button\"><a class=\"wp-block-button__link wp-element-button\" href=\"https:\/\/ambiente.messefrankfurt.com\/frankfurt\/en\/planning-preparation\/visitors.html\" rel=\"noopener\">more information for visitors<\/a><\/div>\n<\/div>\n<\/div>\n<\/div>\n\n\n\n<h2 class=\"wp-block-heading has-text-align-center\" style=\"margin-top:var(--wp--preset--spacing--50);margin-bottom:var(--wp--preset--spacing--50);padding-top:0;padding-bottom:0\">How to get there?<\/h2>\n\n\n\t\t\t<div \n\t\t\tclass=\"wp-block-uagb-google-map uagb-google-map__wrap uagb-block-98737661\"\n\t\t\tstyle=\"\" >\n\t\t\t\t<embed\n\t\t\t\t\tclass=\"uagb-google-map__iframe\"\n\t\t\t\t\ttitle=\"Google Map for \"\n\t\t\t\t\tsrc=\"https:\/\/maps.google.com\/maps?q=Messe%20Frankfurt%20Halle%209&#038;z=15&#038;hl=pl&#038;t=m&#038;output=embed&#038;iwloc=near\"\n\t\t\t\t\twidth=\"640\"\n\t\t\t\t\theight=\"300\"\n\t\t\t\t\tloading=\"lazy\"\n\t\t\t\t><\/embed>\n\t\t\t<\/div>\n\t\t\t\n\n\n<p><\/p>","protected":false},"excerpt":{"rendered":"<p>Stoisko A35. Hala 9.1 Serdecznie zapraszamy do odwiedzenia naszego stoiska podczas Mi\u0119dzynarodowych Targ\u00f3w Ambiente 2026, kt\u00f3re odb\u0119d\u0105 si\u0119 w dniach 6\u201310 lutego 2026 roku we Frankfurcie nad Menem. To presti\u017cowe wydarzenie gromadzi czo\u0142owych przedstawicieli bran\u017cy d\u00f3br konsumpcyjnych z ca\u0142ego \u015bwiata, prezentuj\u0105c najnowsze trendy i innowacje w dziedzinie designu i wyposa\u017cenia wn\u0119trz. Zapraszamy do bezpo\u015brednich spotka\u0144 [&hellip;]<\/p>","protected":false},"author":1,"featured_media":0,"parent":0,"menu_order":0,"comment_status":"closed","ping_status":"closed","template":"","meta":{"_uag_custom_page_level_css":"","site-sidebar-layout":"default","site-content-layout":"","ast-site-content-layout":"normal-width-container","site-content-style":"default","site-sidebar-style":"default","ast-global-header-display":"","ast-banner-title-visibility":"","ast-main-header-display":"","ast-hfb-above-header-display":"","ast-hfb-below-header-display":"","ast-hfb-mobile-header-display":"","site-post-title":"","ast-breadcrumbs-content":"","ast-featured-img":"","footer-sml-layout":"","ast-disable-related-posts":"","theme-transparent-header-meta":"","adv-header-id-meta":"","stick-header-meta":"","header-above-stick-meta":"","header-main-stick-meta":"","header-below-stick-meta":"","astra-migrate-meta-layouts":"set","ast-page-background-enabled":"default","ast-page-background-meta":{"desktop":{"background-color":"","background-image":"","background-repeat":"repeat","background-position":"center center","background-size":"auto","background-attachment":"scroll","background-type":"","background-media":"","overlay-type":"","overlay-color":"","overlay-opacity":"","overlay-gradient":""},"tablet":{"background-color":"","background-image":"","background-repeat":"repeat","background-position":"center center","background-size":"auto","background-attachment":"scroll","background-type":"","background-media":"","overlay-type":"","overlay-color":"","overlay-opacity":"","overlay-gradient":""},"mobile":{"background-color":"","background-image":"","background-repeat":"repeat","background-position":"center center","background-size":"auto","background-attachment":"scroll","background-type":"","background-media":"","overlay-type":"","overlay-color":"","overlay-opacity":"","overlay-gradient":""}},"ast-content-background-meta":{"desktop":{"background-color":"var(--ast-global-color-5)","background-image":"","background-repeat":"repeat","background-position":"center center","background-size":"auto","background-attachment":"scroll","background-type":"","background-media":"","overlay-type":"","overlay-color":"","overlay-opacity":"","overlay-gradient":""},"tablet":{"background-color":"var(--ast-global-color-5)","background-image":"","background-repeat":"repeat","background-position":"center center","background-size":"auto","background-attachment":"scroll","background-type":"","background-media":"","overlay-type":"","overlay-color":"","overlay-opacity":"","overlay-gradient":""},"mobile":{"background-color":"var(--ast-global-color-5)","background-image":"","background-repeat":"repeat","background-position":"center center","background-size":"auto","background-attachment":"scroll","background-type":"","background-media":"","overlay-type":"","overlay-color":"","overlay-opacity":"","overlay-gradient":""}},"footnotes":""},"class_list":["post-227905","page","type-page","status-publish","hentry"],"uagb_featured_image_src":{"full":false,"thumbnail":false,"medium":false,"medium_large":false,"large":false,"1536x1536":false,"2048x2048":false,"trp-custom-language-flag":false,"woocommerce_thumbnail":false,"woocommerce_single":false,"woocommerce_gallery_thumbnail":false,"dgwt-wcas-product-suggestion":false},"uagb_author_info":{"display_name":"viallidesign","author_link":"https:\/\/viallidesign.com\/en\/author\/viallidesign\/"},"uagb_comment_info":0,"uagb_excerpt":"Stoisko A35. Hala 9.1 Serdecznie zapraszamy do odwiedzenia naszego stoiska podczas Mi\u0119dzynarodowych Targ\u00f3w Ambiente 2026, kt\u00f3re odb\u0119d\u0105 si\u0119 w dniach 6\u201310 lutego 2026 roku we Frankfurcie nad Menem. To presti\u017cowe wydarzenie gromadzi czo\u0142owych przedstawicieli bran\u017cy d\u00f3br konsumpcyjnych z ca\u0142ego \u015bwiata, prezentuj\u0105c najnowsze trendy i innowacje w dziedzinie designu i wyposa\u017cenia wn\u0119trz. Zapraszamy do bezpo\u015brednich spotka\u0144&hellip;","_links":{"self":[{"href":"https:\/\/viallidesign.com\/en\/wp-json\/wp\/v2\/pages\/227905","targetHints":{"allow":["GET"]}}],"collection":[{"href":"https:\/\/viallidesign.com\/en\/wp-json\/wp\/v2\/pages"}],"about":[{"href":"https:\/\/viallidesign.com\/en\/wp-json\/wp\/v2\/types\/page"}],"author":[{"embeddable":true,"href":"https:\/\/viallidesign.com\/en\/wp-json\/wp\/v2\/users\/1"}],"replies":[{"embeddable":true,"href":"https:\/\/viallidesign.com\/en\/wp-json\/wp\/v2\/comments?post=227905"}],"version-history":[{"count":21,"href":"https:\/\/viallidesign.com\/en\/wp-json\/wp\/v2\/pages\/227905\/revisions"}],"predecessor-version":[{"id":233513,"href":"https:\/\/viallidesign.com\/en\/wp-json\/wp\/v2\/pages\/227905\/revisions\/233513"}],"wp:attachment":[{"href":"https:\/\/viallidesign.com\/en\/wp-json\/wp\/v2\/media?parent=227905"}],"curies":[{"name":"wp","href":"https:\/\/api.w.org\/{rel}","templated":true}]}}