{"id":14,"date":"2024-06-04T11:46:03","date_gmt":"2024-06-04T09:46:03","guid":{"rendered":"https:\/\/vialliwp.ageno.work\/?page_id=14"},"modified":"2025-01-07T08:56:27","modified_gmt":"2025-01-07T07:56:27","slug":"o-marce","status":"publish","type":"page","link":"https:\/\/viallidesign.com\/en\/o-marce\/","title":{"rendered":"Brand Vialli Design"},"content":{"rendered":"<div class=\"wp-block-group alignfull is-content-justification-center is-layout-constrained wp-container-core-group-is-layout-a84bfb84 wp-block-group-is-layout-constrained\" style=\"margin-top:0;margin-bottom:0;padding-top:0px;padding-right:0px;padding-bottom:0px;padding-left:0px\">\n<div style=\"height:calc( 0.25 * var(--wp--style--root--padding-right, var(--wp--custom--gap--horizontal)))\" aria-hidden=\"true\" class=\"wp-block-spacer\"><\/div>\n\n\n\n<div class=\"wp-block-columns alignwide are-vertically-aligned-center is-layout-flex wp-container-core-columns-is-layout-22c9ae65 wp-block-columns-is-layout-flex\" style=\"padding-right:20px;padding-left:20px\">\n<div class=\"wp-block-column is-vertically-aligned-center is-layout-flow wp-block-column-is-layout-flow\" style=\"flex-basis:40%\">\n<figure class=\"wp-block-image size-full is-style-rounded wp-duotone-unset-1\" style=\"margin-right:var(--wp--preset--spacing--50);margin-left:var(--wp--preset--spacing--50)\"><img fetchpriority=\"high\" decoding=\"async\" width=\"2400\" height=\"1600\" src=\"https:\/\/viallidesign.com\/wp-content\/uploads\/2025\/01\/091220246756d758234c7-kopia.jpg\" alt=\"\" class=\"wp-image-227862\" style=\"aspect-ratio:1;object-fit:cover\" srcset=\"https:\/\/viallidesign.com\/wp-content\/uploads\/2025\/01\/091220246756d758234c7-kopia.jpg 2400w, https:\/\/viallidesign.com\/wp-content\/uploads\/2025\/01\/091220246756d758234c7-kopia-300x200.jpg 300w, https:\/\/viallidesign.com\/wp-content\/uploads\/2025\/01\/091220246756d758234c7-kopia-1024x683.jpg 1024w, https:\/\/viallidesign.com\/wp-content\/uploads\/2025\/01\/091220246756d758234c7-kopia-768x512.jpg 768w, https:\/\/viallidesign.com\/wp-content\/uploads\/2025\/01\/091220246756d758234c7-kopia-1536x1024.jpg 1536w, https:\/\/viallidesign.com\/wp-content\/uploads\/2025\/01\/091220246756d758234c7-kopia-2048x1365.jpg 2048w, https:\/\/viallidesign.com\/wp-content\/uploads\/2025\/01\/091220246756d758234c7-kopia-18x12.jpg 18w, https:\/\/viallidesign.com\/wp-content\/uploads\/2025\/01\/091220246756d758234c7-kopia-600x400.jpg 600w, https:\/\/viallidesign.com\/wp-content\/uploads\/2025\/01\/091220246756d758234c7-kopia-1200x800.jpg 1200w, https:\/\/viallidesign.com\/wp-content\/uploads\/2025\/01\/091220246756d758234c7-kopia-64x43.jpg 64w\" sizes=\"(max-width: 2400px) 100vw, 2400px\" \/><\/figure>\n<\/div>\n\n\n\n<div class=\"wp-block-column is-vertically-aligned-center is-layout-flow wp-block-column-is-layout-flow\" style=\"flex-basis:50%\">\n<h3 class=\"wp-block-heading has-text-align-center\" style=\"border-radius:0px\">Modern and functional kitchen and dining room equipment<\/h3>\n\n\n\n<div class=\"wp-block-group is-layout-flow wp-block-group-is-layout-flow\">\n<p><strong>Looking for a place full of stylish and functional accessories for your dining room and kitchen?<\/strong>&nbsp;Do you value unique designs, durable materials and high quality workmanship? In the Vialli Design online shop you will find articles that answer all these requirements! Appreciated by consumers from all over the world,&nbsp;<strong>Polish brand Vialli Design<\/strong>&nbsp;was founded in 2010. For over a decade now, the company has been offering high-end kitchen and dining room equipment products that are not only extremely useful, but also follow the&nbsp;<strong>the latest trends<\/strong>&nbsp;and blend in perfectly with any interior - both&nbsp;<strong>modern as well as elegant<\/strong>.<\/p>\n\n\n\n<p>Since its inception, Vialli Design has paid particular attention to the practicality and reliability of the products it offers. The offer of the Vialli Design brand includes elegant glasses and thermal cups, cutlery, knives, coffee and tea brewers, ecological straws, thermal cups and thermoses, as well as a wide range of accessories around the sink. It is worth noting that the customers who have appreciated our brand's products over the years include not only individual customers, but also hotels, restaurants, caf\u00e9s and other companies. This means that&nbsp;<strong>kitchen accessories by Vialli Design<\/strong>&nbsp;can be successfully used in private kitchens and dining rooms as well as in more demanding environments.<\/p>\n\n\n\n<p><strong>Main objective,<\/strong> that guides us in the design of successive Vialli Design brand products is to create articles that combine beauty and functionality. We strive to ensure that our kitchen accessories facilitate the daily lives of our company's customers and allow them to create coherent and harmonious interiors. At Vialli Design, we believe that complementing the kitchen and dining room with aesthetically pleasing and functional products can further enrich the moments of savouring food and drinks and make their preparation much easier. <strong>Coffee or tea lovers will certainly appreciate the highly aesthetic and functional collections of our brewers and&nbsp;<a class=\"\" href=\"https:\/\/viallidesign.com\/en\/na-stole\/szklanki-termiczne.html\/\">thermal glasses<\/a>. <\/strong><\/p>\n\n\n\n<p><\/p>\n<\/div>\n<\/div>\n<\/div>\n\n\n\n<div style=\"height:calc( 0.25 * var(--wp--style--root--padding-right, var(--wp--custom--gap--horizontal)))\" aria-hidden=\"true\" class=\"wp-block-spacer\"><\/div>\n<\/div>\n\n\n\n<div style=\"height:100px\" aria-hidden=\"true\" class=\"wp-block-spacer\"><\/div>\n\n\n\n<div class=\"wp-block-columns alignwide are-vertically-aligned-center is-layout-flex wp-container-core-columns-is-layout-890afcce wp-block-columns-is-layout-flex\" style=\"margin-top:0;margin-bottom:0;padding-right:20px;padding-left:20px\">\n<div class=\"wp-block-column is-vertically-aligned-center is-layout-flow wp-block-column-is-layout-flow\" style=\"flex-basis:40%\">\n<figure class=\"wp-block-image size-full is-style-rounded\" style=\"margin-right:var(--wp--preset--spacing--50);margin-left:var(--wp--preset--spacing--50)\"><img decoding=\"async\" width=\"1707\" height=\"2560\" src=\"https:\/\/viallidesign.com\/wp-content\/uploads\/2024\/09\/2509202466f40833e5128-scaled.jpeg\" alt=\"\" class=\"wp-image-226924\" style=\"aspect-ratio:1;object-fit:cover\" srcset=\"https:\/\/viallidesign.com\/wp-content\/uploads\/2024\/09\/2509202466f40833e5128-scaled.jpeg 1707w, https:\/\/viallidesign.com\/wp-content\/uploads\/2024\/09\/2509202466f40833e5128-200x300.jpeg 200w, https:\/\/viallidesign.com\/wp-content\/uploads\/2024\/09\/2509202466f40833e5128-683x1024.jpeg 683w, https:\/\/viallidesign.com\/wp-content\/uploads\/2024\/09\/2509202466f40833e5128-768x1152.jpeg 768w, https:\/\/viallidesign.com\/wp-content\/uploads\/2024\/09\/2509202466f40833e5128-1024x1536.jpeg 1024w, https:\/\/viallidesign.com\/wp-content\/uploads\/2024\/09\/2509202466f40833e5128-1365x2048.jpeg 1365w, https:\/\/viallidesign.com\/wp-content\/uploads\/2024\/09\/2509202466f40833e5128-8x12.jpeg 8w, https:\/\/viallidesign.com\/wp-content\/uploads\/2024\/09\/2509202466f40833e5128-600x900.jpeg 600w, https:\/\/viallidesign.com\/wp-content\/uploads\/2024\/09\/2509202466f40833e5128-1200x1800.jpeg 1200w, https:\/\/viallidesign.com\/wp-content\/uploads\/2024\/09\/2509202466f40833e5128-64x96.jpeg 64w\" sizes=\"(max-width: 1707px) 100vw, 1707px\" \/><\/figure>\n<\/div>\n\n\n\n<div class=\"wp-block-column is-vertically-aligned-center is-layout-flow wp-block-column-is-layout-flow\" style=\"flex-basis:50%\">\n<h3 class=\"wp-block-heading has-text-align-center\">Bring original design to your kitchen<\/h3>\n\n\n\n<div class=\"wp-block-group is-layout-flow wp-block-group-is-layout-flow\">\n<p>Double-walled models not only provide a unique look to the products, but also ensure that the drinks maintain their temperature for a much longer period of time. This, of course, is not the only&nbsp;<strong>kitchen accessories by Vialli Design<\/strong>that will catch the eye of your guests. They are sure to notice the original grinders and spice mills, which will help them to get the perfect taste of the food they are eating and will be the perfect decoration for your dining room. Elegant dinnerware sets that can be easily matched to any d\u00e9cor will also make a real splash on the table.<\/p>\n\n\n\n<p>We have also ensured that the range of&nbsp;<em>Vialli Design<\/em>&nbsp;were&nbsp;<em>products and accessories<\/em>that our customers can take with them on the road. So whether you're heading to the office, on a picnic or hiking along mountain trails, our collection has the items you need to make carrying food and drinks convenient and safe. You can choose from <strong>food containers, thermal mugs,&nbsp;<a class=\"\" href=\"https:\/\/viallidesign.com\/en\/w-drodze\/lunchboxy.html\/\">lunchboxes<\/a>&nbsp;<\/strong>with cutlery as well as dinnerware and travel thermoses. Would you like to find out more about our kitchen and dining accessories? Or are you unsure which products will best suit your needs? Don't wait and contact us! Experienced Vialli Design staff will be happy to answer any questions you may have about the items on offer, and will help you choose models to suit your individual requirements.<\/p>\n<\/div>\n<\/div>\n<\/div>","protected":false},"excerpt":{"rendered":"<p>Nowoczesne i funkcjonalne wyposa\u017cenie kuchni i jadalni Szukasz miejsca pe\u0142nego stylowych i funkcjonalnych akcesori\u00f3w do jadalni i kuchni?&nbsp;Cenisz unikatowe projekty, trwa\u0142e materia\u0142y oraz wysok\u0105 jako\u015b\u0107 wykonania? W internetowym sklepie Vialli Design znajdziesz artyku\u0142y, kt\u00f3re odpowiedz\u0105 na wszystkie te wymagania! Doceniania przez konsument\u00f3w z ca\u0142ego \u015bwiata,&nbsp;polska marka Vialli Design&nbsp;za\u0142o\u017cona zosta\u0142a w 2010 roku. Ju\u017c od ponad [&hellip;]<\/p>","protected":false},"author":1,"featured_media":0,"parent":0,"menu_order":0,"comment_status":"closed","ping_status":"closed","template":"","meta":{"_uag_custom_page_level_css":"","site-sidebar-layout":"default","site-content-layout":"","ast-site-content-layout":"normal-width-container","site-content-style":"unboxed","site-sidebar-style":"default","ast-global-header-display":"","ast-banner-title-visibility":"","ast-main-header-display":"","ast-hfb-above-header-display":"","ast-hfb-below-header-display":"","ast-hfb-mobile-header-display":"","site-post-title":"","ast-breadcrumbs-content":"","ast-featured-img":"","footer-sml-layout":"","ast-disable-related-posts":"","theme-transparent-header-meta":"","adv-header-id-meta":"","stick-header-meta":"","header-above-stick-meta":"","header-main-stick-meta":"","header-below-stick-meta":"","astra-migrate-meta-layouts":"set","ast-page-background-enabled":"default","ast-page-background-meta":{"desktop":{"background-color":"","background-image":"","background-repeat":"repeat","background-position":"center center","background-size":"auto","background-attachment":"scroll","background-type":"","background-media":"","overlay-type":"","overlay-color":"","overlay-opacity":"","overlay-gradient":""},"tablet":{"background-color":"","background-image":"","background-repeat":"repeat","background-position":"center center","background-size":"auto","background-attachment":"scroll","background-type":"","background-media":"","overlay-type":"","overlay-color":"","overlay-opacity":"","overlay-gradient":""},"mobile":{"background-color":"","background-image":"","background-repeat":"repeat","background-position":"center center","background-size":"auto","background-attachment":"scroll","background-type":"","background-media":"","overlay-type":"","overlay-color":"","overlay-opacity":"","overlay-gradient":""}},"ast-content-background-meta":{"desktop":{"background-color":"var(--ast-global-color-5)","background-image":"","background-repeat":"repeat","background-position":"center center","background-size":"auto","background-attachment":"scroll","background-type":"","background-media":"","overlay-type":"","overlay-color":"","overlay-opacity":"","overlay-gradient":""},"tablet":{"background-color":"var(--ast-global-color-5)","background-image":"","background-repeat":"repeat","background-position":"center center","background-size":"auto","background-attachment":"scroll","background-type":"","background-media":"","overlay-type":"","overlay-color":"","overlay-opacity":"","overlay-gradient":""},"mobile":{"background-color":"var(--ast-global-color-5)","background-image":"","background-repeat":"repeat","background-position":"center center","background-size":"auto","background-attachment":"scroll","background-type":"","background-media":"","overlay-type":"","overlay-color":"","overlay-opacity":"","overlay-gradient":""}},"footnotes":""},"class_list":["post-14","page","type-page","status-publish","hentry"],"uagb_featured_image_src":{"full":false,"thumbnail":false,"medium":false,"medium_large":false,"large":false,"1536x1536":false,"2048x2048":false,"trp-custom-language-flag":false,"woocommerce_thumbnail":false,"woocommerce_single":false,"woocommerce_gallery_thumbnail":false,"dgwt-wcas-product-suggestion":false},"uagb_author_info":{"display_name":"viallidesign","author_link":"https:\/\/viallidesign.com\/en\/author\/viallidesign\/"},"uagb_comment_info":0,"uagb_excerpt":"Nowoczesne i funkcjonalne wyposa\u017cenie kuchni i jadalni Szukasz miejsca pe\u0142nego stylowych i funkcjonalnych akcesori\u00f3w do jadalni i kuchni?&nbsp;Cenisz unikatowe projekty, trwa\u0142e materia\u0142y oraz wysok\u0105 jako\u015b\u0107 wykonania? W internetowym sklepie Vialli Design znajdziesz artyku\u0142y, kt\u00f3re odpowiedz\u0105 na wszystkie te wymagania! Doceniania przez konsument\u00f3w z ca\u0142ego \u015bwiata,&nbsp;polska marka Vialli Design&nbsp;za\u0142o\u017cona zosta\u0142a w 2010 roku. Ju\u017c od ponad&hellip;","_links":{"self":[{"href":"https:\/\/viallidesign.com\/en\/wp-json\/wp\/v2\/pages\/14","targetHints":{"allow":["GET"]}}],"collection":[{"href":"https:\/\/viallidesign.com\/en\/wp-json\/wp\/v2\/pages"}],"about":[{"href":"https:\/\/viallidesign.com\/en\/wp-json\/wp\/v2\/types\/page"}],"author":[{"embeddable":true,"href":"https:\/\/viallidesign.com\/en\/wp-json\/wp\/v2\/users\/1"}],"replies":[{"embeddable":true,"href":"https:\/\/viallidesign.com\/en\/wp-json\/wp\/v2\/comments?post=14"}],"version-history":[{"count":43,"href":"https:\/\/viallidesign.com\/en\/wp-json\/wp\/v2\/pages\/14\/revisions"}],"predecessor-version":[{"id":227904,"href":"https:\/\/viallidesign.com\/en\/wp-json\/wp\/v2\/pages\/14\/revisions\/227904"}],"wp:attachment":[{"href":"https:\/\/viallidesign.com\/en\/wp-json\/wp\/v2\/media?parent=14"}],"curies":[{"name":"wp","href":"https:\/\/api.w.org\/{rel}","templated":true}]}}